{"id":12,"date":"2012-03-01T13:04:51","date_gmt":"2012-03-01T13:04:51","guid":{"rendered":"http:\/\/ardanaz.concejos.animsa.es\/?page_id=12"},"modified":"2018-11-05T15:19:01","modified_gmt":"2018-11-05T13:19:01","slug":"enlaces","status":"publish","type":"page","link":"http:\/\/www.zirauki.eus\/es\/enlaces\/","title":{"rendered":"ENLACES &#8211; ESTEKAK"},"content":{"rendered":"<p>Art\u00edculo de Julio Asunci\u00f3n con ruta que incluye : Calzada Romana, dolmen de Aizibita,..<\/p>\n<ul>\n<li><a title=\"Articulo de Julio Asunci\u00f3n \" href=\"http:\/\/arqueologianavarra.blogspot.com.es\/2010\/06\/calzada-romana-de-cirauqui-dolmen-de.html\" target=\"_blank\" rel=\"noopener\">Blog \u00abRutas arqueol\u00f3gicas por Navarra\u00bb<\/a><\/li>\n<\/ul>\n<p>P\u00e1gina web Club Deportivo Zirauki<\/p>\n<ul>\n<li><a title=\"Club Deportivo Zirauki\" href=\"http:\/\/www.cdzirauki.es\">C.D. Zirauki<\/a><\/li>\n<\/ul>\n<p>Artazu<\/p>\n<ul>\n<li><a title=\"Artazu\" href=\"http:\/\/www.artazu.es\">Artazu<\/a><\/li>\n<\/ul>\n<p>Ma\u00f1eru<\/p>\n<ul>\n<li><a href=\"http:\/\/www.maneru.es\" target=\"_blank\" rel=\"noopener\">Ayuntamiento de Ma\u00f1eru<\/a><\/li>\n<\/ul>\n<p>Guirguillano<\/p>\n<ul>\n<li><a href=\"http:\/\/www.guirguillano.es\" target=\"_blank\" rel=\"noopener\">Ayuntamiento de Guirguillano<\/a><\/li>\n<\/ul>\n<p>Valdema\u00f1eru<\/p>\n<ul>\n<li><a href=\"http:\/\/www.valdemaneru.es\/\" target=\"_blank\" rel=\"noopener\">Agrupaci\u00f3n de Servicios Administrativos Valdema\u00f1eru<\/a><\/li>\n<\/ul>\n<p><\/p>","protected":false},"excerpt":{"rendered":"<p>Art\u00edculo de Julio Asunci\u00f3n con ruta que incluye : Calzada Romana, dolmen de Aizibita,.. Blog \u00abRutas arqueol\u00f3gicas por Navarra\u00bb P\u00e1gina web Club Deportivo Zirauki C.D. Zirauki Artazu Artazu Ma\u00f1eru Ayuntamiento de Ma\u00f1eru Guirguillano Ayuntamiento de Guirguillano Valdema\u00f1eru Agrupaci\u00f3n de Servicios&hellip; <\/p>\n","protected":false},"author":2,"featured_media":0,"parent":0,"menu_order":5,"comment_status":"closed","ping_status":"closed","template":"","meta":{"_monsterinsights_skip_tracking":false,"_monsterinsights_sitenote_active":false,"_monsterinsights_sitenote_note":"","_monsterinsights_sitenote_category":0,"footnotes":""},"class_list":["post-12","page","type-page","status-publish","hentry"],"yoast_head":"<!-- This site is optimized with the Yoast SEO plugin v26.8 - https:\/\/yoast.com\/product\/yoast-seo-wordpress\/ -->\r\n<title>ENLACES - ESTEKAK - Ayuntamiento de Cirauqui<\/title>\r\n<meta name=\"robots\" content=\"index, follow, max-snippet:-1, max-image-preview:large, max-video-preview:-1\" \/>\r\n<link rel=\"canonical\" href=\"http:\/\/www.zirauki.eus\/es\/enlaces\/\" \/>\r\n<meta property=\"og:locale\" content=\"es_ES\" \/>\r\n<meta property=\"og:type\" content=\"article\" \/>\r\n<meta property=\"og:title\" content=\"ENLACES - ESTEKAK - Ayuntamiento de Cirauqui\" \/>\r\n<meta property=\"og:description\" content=\"Art\u00edculo de Julio Asunci\u00f3n con ruta que incluye : Calzada Romana, dolmen de Aizibita,.. Blog \u00abRutas arqueol\u00f3gicas por Navarra\u00bb P\u00e1gina web Club Deportivo Zirauki C.D. Zirauki Artazu Artazu Ma\u00f1eru Ayuntamiento de Ma\u00f1eru Guirguillano Ayuntamiento de Guirguillano Valdema\u00f1eru Agrupaci\u00f3n de Servicios&hellip;\" \/>\r\n<meta property=\"og:url\" content=\"http:\/\/www.zirauki.eus\/es\/enlaces\/\" \/>\r\n<meta property=\"og:site_name\" content=\"Ayuntamiento de Cirauqui\" \/>\r\n<meta property=\"article:modified_time\" content=\"2018-11-05T13:19:01+00:00\" \/>\r\n<meta name=\"twitter:card\" content=\"summary_large_image\" \/>\r\n<script type=\"application\/ld+json\" class=\"yoast-schema-graph\">{\"@context\":\"https:\/\/schema.org\",\"@graph\":[{\"@type\":\"WebPage\",\"@id\":\"http:\/\/www.zirauki.eus\/es\/enlaces\/\",\"url\":\"http:\/\/www.zirauki.eus\/es\/enlaces\/\",\"name\":\"ENLACES - ESTEKAK - Ayuntamiento de Cirauqui\",\"isPartOf\":{\"@id\":\"http:\/\/www.zirauki.eus\/es\/#website\"},\"datePublished\":\"2012-03-01T13:04:51+00:00\",\"dateModified\":\"2018-11-05T13:19:01+00:00\",\"breadcrumb\":{\"@id\":\"http:\/\/www.zirauki.eus\/es\/enlaces\/#breadcrumb\"},\"inLanguage\":\"es\",\"potentialAction\":[{\"@type\":\"ReadAction\",\"target\":[[\"http:\/\/www.zirauki.eus\/es\/enlaces\/\"]]}]},{\"@type\":\"BreadcrumbList\",\"@id\":\"http:\/\/www.zirauki.eus\/es\/enlaces\/#breadcrumb\",\"itemListElement\":[{\"@type\":\"ListItem\",\"position\":1,\"name\":\"Portada\",\"item\":\"http:\/\/www.zirauki.eus\/es\/\"},{\"@type\":\"ListItem\",\"position\":2,\"name\":\"ENLACES &#8211; ESTEKAK\"}]},{\"@type\":\"WebSite\",\"@id\":\"http:\/\/www.zirauki.eus\/es\/#website\",\"url\":\"http:\/\/www.zirauki.eus\/es\/\",\"name\":\"Ayuntamiento de Cirauqui\",\"description\":\"Ayuntamiento de Cirauqui\",\"potentialAction\":[{\"@type\":\"SearchAction\",\"target\":{\"@type\":\"EntryPoint\",\"urlTemplate\":\"http:\/\/www.zirauki.eus\/es\/?s={search_term_string}\"},\"query-input\":{\"@type\":\"PropertyValueSpecification\",\"valueRequired\":true,\"valueName\":\"search_term_string\"}}],\"inLanguage\":\"es\"}]}<\/script>\r\n<!-- \/ Yoast SEO plugin. -->","yoast_head_json":{"title":"ENLACES - ESTEKAK - Ayuntamiento de Cirauqui","robots":{"index":"index","follow":"follow","max-snippet":"max-snippet:-1","max-image-preview":"max-image-preview:large","max-video-preview":"max-video-preview:-1"},"canonical":"http:\/\/www.zirauki.eus\/es\/enlaces\/","og_locale":"es_ES","og_type":"article","og_title":"ENLACES - ESTEKAK - Ayuntamiento de Cirauqui","og_description":"Art\u00edculo de Julio Asunci\u00f3n con ruta que incluye : Calzada Romana, dolmen de Aizibita,.. Blog \u00abRutas arqueol\u00f3gicas por Navarra\u00bb P\u00e1gina web Club Deportivo Zirauki C.D. Zirauki Artazu Artazu Ma\u00f1eru Ayuntamiento de Ma\u00f1eru Guirguillano Ayuntamiento de Guirguillano Valdema\u00f1eru Agrupaci\u00f3n de Servicios&hellip;","og_url":"http:\/\/www.zirauki.eus\/es\/enlaces\/","og_site_name":"Ayuntamiento de Cirauqui","article_modified_time":"2018-11-05T13:19:01+00:00","twitter_card":"summary_large_image","schema":{"@context":"https:\/\/schema.org","@graph":[{"@type":"WebPage","@id":"http:\/\/www.zirauki.eus\/es\/enlaces\/","url":"http:\/\/www.zirauki.eus\/es\/enlaces\/","name":"ENLACES - ESTEKAK - Ayuntamiento de Cirauqui","isPartOf":{"@id":"http:\/\/www.zirauki.eus\/es\/#website"},"datePublished":"2012-03-01T13:04:51+00:00","dateModified":"2018-11-05T13:19:01+00:00","breadcrumb":{"@id":"http:\/\/www.zirauki.eus\/es\/enlaces\/#breadcrumb"},"inLanguage":"es","potentialAction":[{"@type":"ReadAction","target":[["http:\/\/www.zirauki.eus\/es\/enlaces\/"]]}]},{"@type":"BreadcrumbList","@id":"http:\/\/www.zirauki.eus\/es\/enlaces\/#breadcrumb","itemListElement":[{"@type":"ListItem","position":1,"name":"Portada","item":"http:\/\/www.zirauki.eus\/es\/"},{"@type":"ListItem","position":2,"name":"ENLACES &#8211; ESTEKAK"}]},{"@type":"WebSite","@id":"http:\/\/www.zirauki.eus\/es\/#website","url":"http:\/\/www.zirauki.eus\/es\/","name":"Ayuntamiento de Cirauqui","description":"Ayuntamiento de Cirauqui","potentialAction":[{"@type":"SearchAction","target":{"@type":"EntryPoint","urlTemplate":"http:\/\/www.zirauki.eus\/es\/?s={search_term_string}"},"query-input":{"@type":"PropertyValueSpecification","valueRequired":true,"valueName":"search_term_string"}}],"inLanguage":"es"}]}},"_links":{"self":[{"href":"http:\/\/www.zirauki.eus\/es\/wp-json\/wp\/v2\/pages\/12","targetHints":{"allow":["GET"]}}],"collection":[{"href":"http:\/\/www.zirauki.eus\/es\/wp-json\/wp\/v2\/pages"}],"about":[{"href":"http:\/\/www.zirauki.eus\/es\/wp-json\/wp\/v2\/types\/page"}],"author":[{"embeddable":true,"href":"http:\/\/www.zirauki.eus\/es\/wp-json\/wp\/v2\/users\/2"}],"replies":[{"embeddable":true,"href":"http:\/\/www.zirauki.eus\/es\/wp-json\/wp\/v2\/comments?post=12"}],"version-history":[{"count":1,"href":"http:\/\/www.zirauki.eus\/es\/wp-json\/wp\/v2\/pages\/12\/revisions"}],"predecessor-version":[{"id":7825,"href":"http:\/\/www.zirauki.eus\/es\/wp-json\/wp\/v2\/pages\/12\/revisions\/7825"}],"wp:attachment":[{"href":"http:\/\/www.zirauki.eus\/es\/wp-json\/wp\/v2\/media?parent=12"}],"curies":[{"name":"wp","href":"https:\/\/api.w.org\/{rel}","templated":true}]}}