{"id":25,"date":"2012-03-02T11:19:03","date_gmt":"2012-03-02T11:19:03","guid":{"rendered":"http:\/\/ardanaz.concejos.animsa.es\/?page_id=25"},"modified":"2017-05-19T14:47:20","modified_gmt":"2017-05-19T12:47:20","slug":"area-privada","status":"publish","type":"page","link":"http:\/\/www.zirauki.eus\/es\/area-privada\/","title":{"rendered":"VIS\u00cdTANOS &#8211; BISITA GAITZAZU"},"content":{"rendered":"<p><strong>ARTEA-ARTE:<\/strong><\/p>\n<p><em><strong>San Romane eliza-gotorlekua da. Ziraukiko eliza nagusia, Behe Erdi Aroan eraiki zen, 1200. urtearen inguruan. XVI eta XVII. mendeetan zabaldu eta eraberritu zuten. Bere aitzinaldeak arku zabal apuntatua dauka, eragin islamikoa duelarik.<\/strong><\/em><\/p>\n<p><em><strong>Arkiboltak, cistercense itxurako apapindura geometriko eta begetal aberatsak dituzte, landuagoak betiere. Kapitelek, apaindura figuratiboa, ez hain landua, aurpegi bortitzeko giza-burua, lehoiak eta grifoak elkarren aurkako borrokan ari dira. Dekorazio guzti honek krismoian dute bilgunea. Gareseko eta Lizarreko elizen portadekin konexioa dauka, autore berarenak izango ei dira? Edonola ere, Nafarroako trantsiziozko epe historikoaren erakusle adierazgarria da, artearen fusioa, nahastea nabarmentzen delarik: musulmana, erromanikoa, cistecensea, eta apaintzeko gai anitzak.<\/strong><\/em><\/p>\n<p><em><strong>Elizaren barnean XVIII. mendeko barroko churriguerescoaren hiru erretablo aurkitzen ditugu. Honetan gain, prozesioetarako zilarrezko gurutze ederra, XVI. Mendeko errenazimentu garatuko estilokoa hain zuzen ere.<\/strong><\/em><\/p>\n<p><em><strong>Alexandriako Santa Katalina eliza Erdi Arokoa da. Urtean gutxitan erabiltzen da. Erromaniko nafartar landatarraren adierazlea da, apaindura xumeagoa eta pobreagoa duelarik.<\/strong><\/em><\/p>\n<p><em><strong>Aniz 1537a baino lehenago despopulatu zen. Ibilalditxo baterako, atseden hartzeko ezin hobea da. Aintzinean errealengoa eduki zuen. Gaur egun ermita guztiz eraberritua kontserbatzen du.<\/strong><\/em><\/p>\n<p><em><strong>Urbe, kontran, gaizki kontserbatua dago. Zeramika ontzi eta arrasto ugari aurkitu dira. Eliza zaharraren hormaren parte batzuk eta absidea bakarrik mantentzen dira zutik.<\/strong><\/em><\/p>\n<p><strong>\u00a0<\/strong><\/p>\n<p>La Iglesia fortaleza de San Rom\u00e1n, principal templo de Cirauqui, es un potente bloque de piedra de origen medieval, fechado hacia 1200, ampliado y remodelado en los siglos XVI y XVII. Su portada compuesta de un gran arco apuntado presenta el arco de ingreso lobulado por arquillos de herradura de influjo musulm\u00e1n.<\/p>\n<p>Arquivoltas cubiertas de rica decoraci\u00f3n geom\u00e9trica y vegetal de tipo cisterciense, capiteles con decoraci\u00f3n figurativa, cabezas humanas con toscas facciones, leones y grifos enfrentados, todo este rico repertorio decorativo culmina con el crism\u00f3n colocado en la clave del arco de ingreso. Los temas geom\u00e9tricos y vegetales presentan una mayor correcci\u00f3n que los figuradosy populares realizados de manera m\u00e1s vulgar. Esta interesante portada ofrece conexi\u00f3n con la de Puente la Reina y la de Estella, posiblemente del mismo autor y es un ejemplo muy representativo de esta etapa hist\u00f3rica de transici\u00f3n en Navarra, donde se fusionan los caracteres musulmanes, rom\u00e1nicos y cistercienses con un rico repertorio de temas ornamentales.<\/p>\n<p>Dentro de la iglesia se custodian tres retablos del siglo XVIII del barroco churrigueresco y una hermosa cruz procesional de plata ejecutada en estilo renacimiento avanzado del siglo XVI.<\/p>\n<p>Tambi\u00e9n de origen medieval es la iglesia de Santa Catalina de Alejandr\u00eda. Templo que se utiliza muy pocas veces al a\u00f1o. Tiene conexiones con la de San Rom\u00e1n en la decoraci\u00f3n exterior, aunque toda ella se encuentra dentro de los esquemas del rom\u00e1nico rural navarro, con una decoraci\u00f3n m\u00e1s tosca y de menor riqueza.<\/p>\n<p>Despoblado desde antes de 1537 Aniz ofrece un agradable entorno para el paseo y el descanso. Antiguo lugar de realengo hoy s\u00f3lo conserva su ermita totalmente restaurada. En un estado peor de conservaci\u00f3n se encuentra el despoblado de Urbe en el que se han encontrado abundantes restos de vasijas de cer\u00e1mica. De la antigua iglesia s\u00f3lo permanecen parte de los muros y \u00e1bside.<\/p>\n<p>Tambi\u00e9n se han encontrado restos prehist\u00f3ricos dentro del amplio t\u00e9rmino de Cirauqui.<\/p>\n<p>Podemos destacar el dolmen de Aizibita descubierto en 1991 por Jes\u00fas Aramend\u00eda. Uno de los d\u00f3lmenes m\u00e1s interesantes de los \u00faltimos a\u00f1os encontrados en Navarra. Durante 1994 y 1995 la historiadora Mar\u00eda Amor Beguiristain realiz\u00f3 sendas campa\u00f1as de recogida y estudio de los restos encontrados en este megalito. En \u00e9l hall\u00f3 como pieza original, a pesar del expolio que ha sufrido, un cr\u00e1neo eneol\u00edtico con trepanaciones del que est\u00e1 por determinar su origen traum\u00e1tico o quir\u00fargico.<\/p>\n<p><strong>FESTAK-FIESTAS: <\/strong><\/p>\n<p><em><strong>Zirauki, zalantza barik, festa giroaren kulturaz zipriztinduta dago.<\/strong><\/em><\/p>\n<p><em><strong>Festa nagusiak irailaren 14ean ospatzen dira, Gurutze Deunaren ohoretan. Zazpi egunetako\u00a0 musika eta alaitasun giroa daukagu. Bertan, mozorroen lehiaketa oso inportantea da. 40 urte baino gehiago ditu, gaztetxoek batez ere, udako arratsaldetan eginiko mozorroen erakustaldia egiten dute, eta humorez jositako antzerkiak daude.<\/strong><\/em><\/p>\n<p><em><strong>Maiatzaren hasieran festa txikiak ospatzen dira. San Kristobaleko ermitara erromeria dago, Eskintza mendian kokatua, ziraukitarrak su eta kaldereteen inguruan biltzen ditu.<\/strong><\/em><\/p>\n<p>Las fiestas principales se celebran el 14 de septiembre en honor a la Exaltaci\u00f3n de la Santa Cruz. Siete d\u00edas de m\u00fasica y alegr\u00eda para que todos disfruten al m\u00e1ximo. El festejo m\u00e1s importante es el concurso de disfraces. Casi cuarenta a\u00f1os en que sobre todo j\u00f3venes ataviados con disfraces totalmente artesanales, confeccionados a lo largo de muchas tardes de verano, deleitan a los espectadores con sus trajes y sus actuaciones llenas de humor y simpat\u00eda.<\/p>\n<p>A primeros de mayo se celebran las fiestas peque\u00f1as. La romer\u00eda a la Ermita de San Crist\u00f3bal, situada en el monte Eskinza, reune a ciraucarros alrededor de un buen fuego y magn\u00edficos calderetes.<\/p>\n<p><strong>TRADIZIOAK-TRADICIONES:<\/strong><\/p>\n<p><strong><em>Urtean zehar tokian tokiko jai txikiak barreiatzen dira:<\/em><\/strong><\/p>\n<p><strong><em>&#8211;\u00a0\u00a0\u00a0\u00a0\u00a0\u00a0\u00a0\u00a0\u00a0 Gaztainen eguna, Santa Katalina eta San Roman egunen bezperan, azaroaren 17 an eta 24an hurrenez hurren. Elizan salbea abestu ostean, suaren inguruan bilduta balkoietatik gaztainak jaurtikitzen dituzte Txarangaren musikapean.<\/em><\/strong><\/p>\n<p><strong><em>&#8211;\u00a0\u00a0\u00a0\u00a0\u00a0\u00a0\u00a0\u00a0\u00a0 Agate Deunaren bizperan, otsailaren 4ean, ume, gazte, heldu eta zaharren abesbatzak iluntzean Deunaren omenezko kantak abesten ditu. Tradizioari jarraituz, makilekin erritmoa jarraituz. Abestia bukatzean, txapela lurrera bota ohi da.<\/em><\/strong><\/p>\n<p><strong><em>&#8211;\u00a0\u00a0\u00a0\u00a0\u00a0\u00a0\u00a0\u00a0\u00a0 Era berean, azken urteoan Gaztearen eguna eta Olentzeroa ospatzen dira. Abenduaren 24ko iluntzean, Iguste menditik Olentzero, bere astoaren gainean menditik jaisten da, txikientzat ikatza edota opariak ekarriz.<\/em><\/strong><\/p>\n<p>A lo largo del a\u00f1o peque\u00f1as fiestas locales, San Rom\u00e1n, Santa Catalina, San Gregorio, etc, rompen la rutina del pueblo. El v\u00edspera de San Rom\u00e1n y una semana despu\u00e9s v\u00edspera de Santa Catalina, 17 y 24 de noviembre respectivamente, despu\u00e9s de cantar la Salve en la iglesia, reunidos en torno a una gran hoguera se arrojan casta\u00f1as desde los balcones y ventanas de la casa parroquial. Acontecimiento amenizado por la txaranga Galzarra en el que al grito de \u00a1casta\u00f1as, casta\u00f1as! se espera recoger alguna sin recibir ning\u00fan casta\u00f1azo.<\/p>\n<p>El d\u00eda 4 de febrero, v\u00edspera de Santa \u00c1gueda, un coro cmpuesto de ni\u00f1os, j\u00f3venes y mayores, salen al atardecer cantando canciones en euskera en recuerdo de la santa, provistos, tal como manda la tradici\u00f3n, de varas para llevar el comp\u00e1s golpeando el suelo; y txapelas para ser tiradas al aire una vez finalizadas las canciones.<\/p>\n<p>As\u00edmismo, se prepara con gran ilusi\u00f3n, estos \u00faltimos a\u00f1os, por la Juventid de Zirauki, el Olentzero, que una vez ca\u00edda la tarde del 24 de diciembre, viene desde el monte de Iguste, trayendo regalos para todos los peque\u00f1os y no tan peque\u00f1os.<\/p>","protected":false},"excerpt":{"rendered":"<p>ARTEA-ARTE: San Romane eliza-gotorlekua da. Ziraukiko eliza nagusia, Behe Erdi Aroan eraiki zen, 1200. urtearen inguruan. XVI eta XVII. mendeetan zabaldu eta eraberritu zuten. Bere aitzinaldeak arku zabal apuntatua dauka, eragin islamikoa duelarik. Arkiboltak, cistercense itxurako apapindura geometriko eta begetal&hellip; <\/p>\n","protected":false},"author":2,"featured_media":0,"parent":0,"menu_order":3,"comment_status":"closed","ping_status":"closed","template":"","meta":{"_monsterinsights_skip_tracking":false,"_monsterinsights_sitenote_active":false,"_monsterinsights_sitenote_note":"","_monsterinsights_sitenote_category":0,"footnotes":""},"class_list":["post-25","page","type-page","status-publish","hentry"],"yoast_head":"<!-- This site is optimized with the Yoast SEO plugin v26.8 - https:\/\/yoast.com\/product\/yoast-seo-wordpress\/ -->\r\n<title>VIS\u00cdTANOS - BISITA GAITZAZUVIS\u00cdTANOS - BISITA GAITZAZU - Ayuntamiento de Cirauqui<\/title>\r\n<meta name=\"robots\" content=\"index, follow, max-snippet:-1, max-image-preview:large, max-video-preview:-1\" \/>\r\n<link rel=\"canonical\" href=\"http:\/\/www.zirauki.eus\/es\/area-privada\/\" \/>\r\n<meta property=\"og:locale\" content=\"es_ES\" \/>\r\n<meta property=\"og:type\" content=\"article\" \/>\r\n<meta property=\"og:title\" content=\"VIS\u00cdTANOS - BISITA GAITZAZUVIS\u00cdTANOS - BISITA GAITZAZU - Ayuntamiento de Cirauqui\" \/>\r\n<meta property=\"og:description\" content=\"ARTEA-ARTE: San Romane eliza-gotorlekua da. Ziraukiko eliza nagusia, Behe Erdi Aroan eraiki zen, 1200. urtearen inguruan. XVI eta XVII. mendeetan zabaldu eta eraberritu zuten. Bere aitzinaldeak arku zabal apuntatua dauka, eragin islamikoa duelarik. Arkiboltak, cistercense itxurako apapindura geometriko eta begetal&hellip;\" \/>\r\n<meta property=\"og:url\" content=\"http:\/\/www.zirauki.eus\/es\/area-privada\/\" \/>\r\n<meta property=\"og:site_name\" content=\"Ayuntamiento de Cirauqui\" \/>\r\n<meta property=\"article:modified_time\" content=\"2017-05-19T12:47:20+00:00\" \/>\r\n<meta name=\"twitter:card\" content=\"summary_large_image\" \/>\r\n<meta name=\"twitter:label1\" content=\"Tiempo de lectura\" \/>\n\t<meta name=\"twitter:data1\" content=\"6 minutos\" \/>\r\n<script type=\"application\/ld+json\" class=\"yoast-schema-graph\">{\"@context\":\"https:\/\/schema.org\",\"@graph\":[{\"@type\":\"WebPage\",\"@id\":\"http:\/\/www.zirauki.eus\/es\/area-privada\/\",\"url\":\"http:\/\/www.zirauki.eus\/es\/area-privada\/\",\"name\":\"VIS\u00cdTANOS - BISITA GAITZAZUVIS\u00cdTANOS - BISITA GAITZAZU - Ayuntamiento de Cirauqui\",\"isPartOf\":{\"@id\":\"http:\/\/www.zirauki.eus\/es\/#website\"},\"datePublished\":\"2012-03-02T11:19:03+00:00\",\"dateModified\":\"2017-05-19T12:47:20+00:00\",\"breadcrumb\":{\"@id\":\"http:\/\/www.zirauki.eus\/es\/area-privada\/#breadcrumb\"},\"inLanguage\":\"es\",\"potentialAction\":[{\"@type\":\"ReadAction\",\"target\":[[\"http:\/\/www.zirauki.eus\/es\/area-privada\/\"]]}]},{\"@type\":\"BreadcrumbList\",\"@id\":\"http:\/\/www.zirauki.eus\/es\/area-privada\/#breadcrumb\",\"itemListElement\":[{\"@type\":\"ListItem\",\"position\":1,\"name\":\"Portada\",\"item\":\"http:\/\/www.zirauki.eus\/es\/\"},{\"@type\":\"ListItem\",\"position\":2,\"name\":\"VIS\u00cdTANOS &#8211; BISITA GAITZAZU\"}]},{\"@type\":\"WebSite\",\"@id\":\"http:\/\/www.zirauki.eus\/es\/#website\",\"url\":\"http:\/\/www.zirauki.eus\/es\/\",\"name\":\"Ayuntamiento de Cirauqui\",\"description\":\"Ayuntamiento de Cirauqui\",\"potentialAction\":[{\"@type\":\"SearchAction\",\"target\":{\"@type\":\"EntryPoint\",\"urlTemplate\":\"http:\/\/www.zirauki.eus\/es\/?s={search_term_string}\"},\"query-input\":{\"@type\":\"PropertyValueSpecification\",\"valueRequired\":true,\"valueName\":\"search_term_string\"}}],\"inLanguage\":\"es\"}]}<\/script>\r\n<!-- \/ Yoast SEO plugin. -->","yoast_head_json":{"title":"VIS\u00cdTANOS - BISITA GAITZAZUVIS\u00cdTANOS - BISITA GAITZAZU - Ayuntamiento de Cirauqui","robots":{"index":"index","follow":"follow","max-snippet":"max-snippet:-1","max-image-preview":"max-image-preview:large","max-video-preview":"max-video-preview:-1"},"canonical":"http:\/\/www.zirauki.eus\/es\/area-privada\/","og_locale":"es_ES","og_type":"article","og_title":"VIS\u00cdTANOS - BISITA GAITZAZUVIS\u00cdTANOS - BISITA GAITZAZU - Ayuntamiento de Cirauqui","og_description":"ARTEA-ARTE: San Romane eliza-gotorlekua da. Ziraukiko eliza nagusia, Behe Erdi Aroan eraiki zen, 1200. urtearen inguruan. XVI eta XVII. mendeetan zabaldu eta eraberritu zuten. Bere aitzinaldeak arku zabal apuntatua dauka, eragin islamikoa duelarik. Arkiboltak, cistercense itxurako apapindura geometriko eta begetal&hellip;","og_url":"http:\/\/www.zirauki.eus\/es\/area-privada\/","og_site_name":"Ayuntamiento de Cirauqui","article_modified_time":"2017-05-19T12:47:20+00:00","twitter_card":"summary_large_image","twitter_misc":{"Tiempo de lectura":"6 minutos"},"schema":{"@context":"https:\/\/schema.org","@graph":[{"@type":"WebPage","@id":"http:\/\/www.zirauki.eus\/es\/area-privada\/","url":"http:\/\/www.zirauki.eus\/es\/area-privada\/","name":"VIS\u00cdTANOS - BISITA GAITZAZUVIS\u00cdTANOS - BISITA GAITZAZU - Ayuntamiento de Cirauqui","isPartOf":{"@id":"http:\/\/www.zirauki.eus\/es\/#website"},"datePublished":"2012-03-02T11:19:03+00:00","dateModified":"2017-05-19T12:47:20+00:00","breadcrumb":{"@id":"http:\/\/www.zirauki.eus\/es\/area-privada\/#breadcrumb"},"inLanguage":"es","potentialAction":[{"@type":"ReadAction","target":[["http:\/\/www.zirauki.eus\/es\/area-privada\/"]]}]},{"@type":"BreadcrumbList","@id":"http:\/\/www.zirauki.eus\/es\/area-privada\/#breadcrumb","itemListElement":[{"@type":"ListItem","position":1,"name":"Portada","item":"http:\/\/www.zirauki.eus\/es\/"},{"@type":"ListItem","position":2,"name":"VIS\u00cdTANOS &#8211; BISITA GAITZAZU"}]},{"@type":"WebSite","@id":"http:\/\/www.zirauki.eus\/es\/#website","url":"http:\/\/www.zirauki.eus\/es\/","name":"Ayuntamiento de Cirauqui","description":"Ayuntamiento de Cirauqui","potentialAction":[{"@type":"SearchAction","target":{"@type":"EntryPoint","urlTemplate":"http:\/\/www.zirauki.eus\/es\/?s={search_term_string}"},"query-input":{"@type":"PropertyValueSpecification","valueRequired":true,"valueName":"search_term_string"}}],"inLanguage":"es"}]}},"_links":{"self":[{"href":"http:\/\/www.zirauki.eus\/es\/wp-json\/wp\/v2\/pages\/25","targetHints":{"allow":["GET"]}}],"collection":[{"href":"http:\/\/www.zirauki.eus\/es\/wp-json\/wp\/v2\/pages"}],"about":[{"href":"http:\/\/www.zirauki.eus\/es\/wp-json\/wp\/v2\/types\/page"}],"author":[{"embeddable":true,"href":"http:\/\/www.zirauki.eus\/es\/wp-json\/wp\/v2\/users\/2"}],"replies":[{"embeddable":true,"href":"http:\/\/www.zirauki.eus\/es\/wp-json\/wp\/v2\/comments?post=25"}],"version-history":[{"count":0,"href":"http:\/\/www.zirauki.eus\/es\/wp-json\/wp\/v2\/pages\/25\/revisions"}],"wp:attachment":[{"href":"http:\/\/www.zirauki.eus\/es\/wp-json\/wp\/v2\/media?parent=25"}],"curies":[{"name":"wp","href":"https:\/\/api.w.org\/{rel}","templated":true}]}}