{"id":7365,"date":"2017-08-04T09:24:39","date_gmt":"2017-08-04T07:24:39","guid":{"rendered":"http:\/\/www.zirauki.eus\/?page_id=7365"},"modified":"2017-08-07T10:17:03","modified_gmt":"2017-08-07T08:17:03","slug":"actas-ano-2016","status":"publish","type":"page","link":"http:\/\/www.zirauki.eus\/es\/general\/transparencia\/informacion-institucional-cargos-electos-y-personal-del-ayuntamiento\/normas-e-instituciones-municipales-orden-del-dia-actas-y-acuerdos\/actas-ano-2016\/","title":{"rendered":"Actas A\u00f1o 2016"},"content":{"rendered":"<p><\/p>\n<ul>\n<li><a title=\"Sesi\u00f3n ordinaria 24-02-2016\" href=\"http:\/\/www.zirauki.eus\/wp-content\/uploads\/sites\/78\/2017\/08\/Sesi\u00f3n-20160224sin-datos.pdf\" class=\"mtli_attachment mtli_pdf\">Sesi\u00f3n pleno d\u00eda 24-02-2016<\/a><\/li>\n<li><a title=\"Sesi\u00f3n extraordinaria y urgente 03-05-2016\" href=\"http:\/\/www.zirauki.eus\/wp-content\/uploads\/sites\/78\/2017\/08\/Sesi\u00f3n-20160503sin-datos.pdf\" class=\"mtli_attachment mtli_pdf\">Sesi\u00f3n pleno d\u00eda 03-05-2016 <\/a><\/li>\n<li><a title=\"Sesi\u00f3n extraordinaria 01-06-2016\" href=\"http:\/\/www.zirauki.eus\/wp-content\/uploads\/sites\/78\/2017\/08\/Sesi\u00f3n-20160601sin-datos.pdf\" class=\"mtli_attachment mtli_pdf\">Sesi\u00f3n pleno d\u00eda 01-06-2016<\/a><\/li>\n<li><a title=\"Sesi\u00f3n extraordinaria y urgente 12-08-2016\" href=\"http:\/\/www.zirauki.eus\/wp-content\/uploads\/sites\/78\/2017\/08\/Sesi\u00f3n-20160812sin-datos.pdf\" class=\"mtli_attachment mtli_pdf\">Sesi\u00f3n pleno d\u00eda 12-08-2016<\/a><\/li>\n<li><a title=\"Sesi\u00f3n ordinaria 26-10-2016\" href=\"http:\/\/www.zirauki.eus\/wp-content\/uploads\/sites\/78\/2017\/08\/Sesi\u00f3n-20161026sin-datos.pdf\" class=\"mtli_attachment mtli_pdf\">Sesi\u00f3n pleno d\u00eda 26-10-2016<\/a><\/li>\n<li><a title=\"Sesi\u00f3n ordinaria 21-12-2016\" href=\"http:\/\/www.zirauki.eus\/wp-content\/uploads\/sites\/78\/2017\/08\/Sesi\u00f3n-20161221sin-datos.pdf\" class=\"mtli_attachment mtli_pdf\">Sesi\u00f3n pleno d\u00eda 21-12-2016<\/a><\/li>\n<\/ul>\n<p><\/p>","protected":false},"excerpt":{"rendered":"<p>Sesi\u00f3n pleno d\u00eda 24-02-2016 Sesi\u00f3n pleno d\u00eda 03-05-2016 Sesi\u00f3n pleno d\u00eda 01-06-2016 Sesi\u00f3n pleno d\u00eda 12-08-2016 Sesi\u00f3n pleno d\u00eda 26-10-2016 Sesi\u00f3n pleno d\u00eda 21-12-2016<\/p>\n","protected":false},"author":12377,"featured_media":0,"parent":7266,"menu_order":1,"comment_status":"closed","ping_status":"closed","template":"","meta":{"_monsterinsights_skip_tracking":false,"_monsterinsights_sitenote_active":false,"_monsterinsights_sitenote_note":"","_monsterinsights_sitenote_category":0,"footnotes":""},"class_list":["post-7365","page","type-page","status-publish","hentry"],"yoast_head":"<!-- This site is optimized with the Yoast SEO plugin v26.8 - https:\/\/yoast.com\/product\/yoast-seo-wordpress\/ -->\r\n<title>Actas A\u00f1o 2016 - Ayuntamiento de Cirauqui<\/title>\r\n<meta name=\"robots\" content=\"index, follow, max-snippet:-1, max-image-preview:large, max-video-preview:-1\" \/>\r\n<link rel=\"canonical\" href=\"http:\/\/www.zirauki.eus\/es\/general\/transparencia\/informacion-institucional-cargos-electos-y-personal-del-ayuntamiento\/normas-e-instituciones-municipales-orden-del-dia-actas-y-acuerdos\/actas-ano-2016\/\" \/>\r\n<meta property=\"og:locale\" content=\"es_ES\" \/>\r\n<meta property=\"og:type\" content=\"article\" \/>\r\n<meta property=\"og:title\" content=\"Actas A\u00f1o 2016 - Ayuntamiento de Cirauqui\" \/>\r\n<meta property=\"og:description\" content=\"Sesi\u00f3n pleno d\u00eda 24-02-2016 Sesi\u00f3n pleno d\u00eda 03-05-2016 Sesi\u00f3n pleno d\u00eda 01-06-2016 Sesi\u00f3n pleno d\u00eda 12-08-2016 Sesi\u00f3n pleno d\u00eda 26-10-2016 Sesi\u00f3n pleno d\u00eda 21-12-2016\" \/>\r\n<meta property=\"og:url\" content=\"http:\/\/www.zirauki.eus\/es\/general\/transparencia\/informacion-institucional-cargos-electos-y-personal-del-ayuntamiento\/normas-e-instituciones-municipales-orden-del-dia-actas-y-acuerdos\/actas-ano-2016\/\" \/>\r\n<meta property=\"og:site_name\" content=\"Ayuntamiento de Cirauqui\" \/>\r\n<meta property=\"article:modified_time\" content=\"2017-08-07T08:17:03+00:00\" \/>\r\n<meta name=\"twitter:card\" content=\"summary_large_image\" \/>\r\n<script type=\"application\/ld+json\" class=\"yoast-schema-graph\">{\"@context\":\"https:\/\/schema.org\",\"@graph\":[{\"@type\":\"WebPage\",\"@id\":\"http:\/\/www.zirauki.eus\/es\/general\/transparencia\/informacion-institucional-cargos-electos-y-personal-del-ayuntamiento\/normas-e-instituciones-municipales-orden-del-dia-actas-y-acuerdos\/actas-ano-2016\/\",\"url\":\"http:\/\/www.zirauki.eus\/es\/general\/transparencia\/informacion-institucional-cargos-electos-y-personal-del-ayuntamiento\/normas-e-instituciones-municipales-orden-del-dia-actas-y-acuerdos\/actas-ano-2016\/\",\"name\":\"Actas A\u00f1o 2016 - Ayuntamiento de Cirauqui\",\"isPartOf\":{\"@id\":\"http:\/\/www.zirauki.eus\/es\/#website\"},\"datePublished\":\"2017-08-04T07:24:39+00:00\",\"dateModified\":\"2017-08-07T08:17:03+00:00\",\"breadcrumb\":{\"@id\":\"http:\/\/www.zirauki.eus\/es\/general\/transparencia\/informacion-institucional-cargos-electos-y-personal-del-ayuntamiento\/normas-e-instituciones-municipales-orden-del-dia-actas-y-acuerdos\/actas-ano-2016\/#breadcrumb\"},\"inLanguage\":\"es\",\"potentialAction\":[{\"@type\":\"ReadAction\",\"target\":[[\"http:\/\/www.zirauki.eus\/es\/general\/transparencia\/informacion-institucional-cargos-electos-y-personal-del-ayuntamiento\/normas-e-instituciones-municipales-orden-del-dia-actas-y-acuerdos\/actas-ano-2016\/\"]]}]},{\"@type\":\"BreadcrumbList\",\"@id\":\"http:\/\/www.zirauki.eus\/es\/general\/transparencia\/informacion-institucional-cargos-electos-y-personal-del-ayuntamiento\/normas-e-instituciones-municipales-orden-del-dia-actas-y-acuerdos\/actas-ano-2016\/#breadcrumb\",\"itemListElement\":[{\"@type\":\"ListItem\",\"position\":1,\"name\":\"Portada\",\"item\":\"http:\/\/www.zirauki.eus\/es\/\"},{\"@type\":\"ListItem\",\"position\":2,\"name\":\"(Castellano) General\",\"item\":\"http:\/\/www.zirauki.eus\/es\/general\/\"},{\"@type\":\"ListItem\",\"position\":3,\"name\":\"Gardentasun\",\"item\":\"http:\/\/www.zirauki.eus\/es\/general\/transparencia\/\"},{\"@type\":\"ListItem\",\"position\":4,\"name\":\"Informazio instituzionala, hautetsiak eta udal langileak\",\"item\":\"http:\/\/www.zirauki.eus\/es\/general\/transparencia\/informacion-institucional-cargos-electos-y-personal-del-ayuntamiento\/\"},{\"@type\":\"ListItem\",\"position\":5,\"name\":\"Normas e instituciones municipales, actas y acuerdos\",\"item\":\"http:\/\/www.zirauki.eus\/es\/general\/transparencia\/informacion-institucional-cargos-electos-y-personal-del-ayuntamiento\/normas-e-instituciones-municipales-orden-del-dia-actas-y-acuerdos\/\"},{\"@type\":\"ListItem\",\"position\":6,\"name\":\"(Castellano) Actas A\u00f1o 2016\"}]},{\"@type\":\"WebSite\",\"@id\":\"http:\/\/www.zirauki.eus\/es\/#website\",\"url\":\"http:\/\/www.zirauki.eus\/es\/\",\"name\":\"Ayuntamiento de Cirauqui\",\"description\":\"Ayuntamiento de Cirauqui\",\"potentialAction\":[{\"@type\":\"SearchAction\",\"target\":{\"@type\":\"EntryPoint\",\"urlTemplate\":\"http:\/\/www.zirauki.eus\/es\/?s={search_term_string}\"},\"query-input\":{\"@type\":\"PropertyValueSpecification\",\"valueRequired\":true,\"valueName\":\"search_term_string\"}}],\"inLanguage\":\"es\"}]}<\/script>\r\n<!-- \/ Yoast SEO plugin. -->","yoast_head_json":{"title":"Actas A\u00f1o 2016 - Ayuntamiento de Cirauqui","robots":{"index":"index","follow":"follow","max-snippet":"max-snippet:-1","max-image-preview":"max-image-preview:large","max-video-preview":"max-video-preview:-1"},"canonical":"http:\/\/www.zirauki.eus\/es\/general\/transparencia\/informacion-institucional-cargos-electos-y-personal-del-ayuntamiento\/normas-e-instituciones-municipales-orden-del-dia-actas-y-acuerdos\/actas-ano-2016\/","og_locale":"es_ES","og_type":"article","og_title":"Actas A\u00f1o 2016 - Ayuntamiento de Cirauqui","og_description":"Sesi\u00f3n pleno d\u00eda 24-02-2016 Sesi\u00f3n pleno d\u00eda 03-05-2016 Sesi\u00f3n pleno d\u00eda 01-06-2016 Sesi\u00f3n pleno d\u00eda 12-08-2016 Sesi\u00f3n pleno d\u00eda 26-10-2016 Sesi\u00f3n pleno d\u00eda 21-12-2016","og_url":"http:\/\/www.zirauki.eus\/es\/general\/transparencia\/informacion-institucional-cargos-electos-y-personal-del-ayuntamiento\/normas-e-instituciones-municipales-orden-del-dia-actas-y-acuerdos\/actas-ano-2016\/","og_site_name":"Ayuntamiento de Cirauqui","article_modified_time":"2017-08-07T08:17:03+00:00","twitter_card":"summary_large_image","schema":{"@context":"https:\/\/schema.org","@graph":[{"@type":"WebPage","@id":"http:\/\/www.zirauki.eus\/es\/general\/transparencia\/informacion-institucional-cargos-electos-y-personal-del-ayuntamiento\/normas-e-instituciones-municipales-orden-del-dia-actas-y-acuerdos\/actas-ano-2016\/","url":"http:\/\/www.zirauki.eus\/es\/general\/transparencia\/informacion-institucional-cargos-electos-y-personal-del-ayuntamiento\/normas-e-instituciones-municipales-orden-del-dia-actas-y-acuerdos\/actas-ano-2016\/","name":"Actas A\u00f1o 2016 - Ayuntamiento de Cirauqui","isPartOf":{"@id":"http:\/\/www.zirauki.eus\/es\/#website"},"datePublished":"2017-08-04T07:24:39+00:00","dateModified":"2017-08-07T08:17:03+00:00","breadcrumb":{"@id":"http:\/\/www.zirauki.eus\/es\/general\/transparencia\/informacion-institucional-cargos-electos-y-personal-del-ayuntamiento\/normas-e-instituciones-municipales-orden-del-dia-actas-y-acuerdos\/actas-ano-2016\/#breadcrumb"},"inLanguage":"es","potentialAction":[{"@type":"ReadAction","target":[["http:\/\/www.zirauki.eus\/es\/general\/transparencia\/informacion-institucional-cargos-electos-y-personal-del-ayuntamiento\/normas-e-instituciones-municipales-orden-del-dia-actas-y-acuerdos\/actas-ano-2016\/"]]}]},{"@type":"BreadcrumbList","@id":"http:\/\/www.zirauki.eus\/es\/general\/transparencia\/informacion-institucional-cargos-electos-y-personal-del-ayuntamiento\/normas-e-instituciones-municipales-orden-del-dia-actas-y-acuerdos\/actas-ano-2016\/#breadcrumb","itemListElement":[{"@type":"ListItem","position":1,"name":"Portada","item":"http:\/\/www.zirauki.eus\/es\/"},{"@type":"ListItem","position":2,"name":"(Castellano) General","item":"http:\/\/www.zirauki.eus\/es\/general\/"},{"@type":"ListItem","position":3,"name":"Gardentasun","item":"http:\/\/www.zirauki.eus\/es\/general\/transparencia\/"},{"@type":"ListItem","position":4,"name":"Informazio instituzionala, hautetsiak eta udal langileak","item":"http:\/\/www.zirauki.eus\/es\/general\/transparencia\/informacion-institucional-cargos-electos-y-personal-del-ayuntamiento\/"},{"@type":"ListItem","position":5,"name":"Normas e instituciones municipales, actas y acuerdos","item":"http:\/\/www.zirauki.eus\/es\/general\/transparencia\/informacion-institucional-cargos-electos-y-personal-del-ayuntamiento\/normas-e-instituciones-municipales-orden-del-dia-actas-y-acuerdos\/"},{"@type":"ListItem","position":6,"name":"(Castellano) Actas A\u00f1o 2016"}]},{"@type":"WebSite","@id":"http:\/\/www.zirauki.eus\/es\/#website","url":"http:\/\/www.zirauki.eus\/es\/","name":"Ayuntamiento de Cirauqui","description":"Ayuntamiento de Cirauqui","potentialAction":[{"@type":"SearchAction","target":{"@type":"EntryPoint","urlTemplate":"http:\/\/www.zirauki.eus\/es\/?s={search_term_string}"},"query-input":{"@type":"PropertyValueSpecification","valueRequired":true,"valueName":"search_term_string"}}],"inLanguage":"es"}]}},"_links":{"self":[{"href":"http:\/\/www.zirauki.eus\/es\/wp-json\/wp\/v2\/pages\/7365","targetHints":{"allow":["GET"]}}],"collection":[{"href":"http:\/\/www.zirauki.eus\/es\/wp-json\/wp\/v2\/pages"}],"about":[{"href":"http:\/\/www.zirauki.eus\/es\/wp-json\/wp\/v2\/types\/page"}],"author":[{"embeddable":true,"href":"http:\/\/www.zirauki.eus\/es\/wp-json\/wp\/v2\/users\/12377"}],"replies":[{"embeddable":true,"href":"http:\/\/www.zirauki.eus\/es\/wp-json\/wp\/v2\/comments?post=7365"}],"version-history":[{"count":1,"href":"http:\/\/www.zirauki.eus\/es\/wp-json\/wp\/v2\/pages\/7365\/revisions"}],"predecessor-version":[{"id":7367,"href":"http:\/\/www.zirauki.eus\/es\/wp-json\/wp\/v2\/pages\/7365\/revisions\/7367"}],"up":[{"embeddable":true,"href":"http:\/\/www.zirauki.eus\/es\/wp-json\/wp\/v2\/pages\/7266"}],"wp:attachment":[{"href":"http:\/\/www.zirauki.eus\/es\/wp-json\/wp\/v2\/media?parent=7365"}],"curies":[{"name":"wp","href":"https:\/\/api.w.org\/{rel}","templated":true}]}}