{"id":7612,"date":"2018-06-06T08:40:09","date_gmt":"2018-06-06T06:40:09","guid":{"rendered":"http:\/\/www.zirauki.eus\/?page_id=7612"},"modified":"2019-05-17T09:47:41","modified_gmt":"2019-05-17T07:47:41","slug":"actas-ano-2018","status":"publish","type":"page","link":"http:\/\/www.zirauki.eus\/es\/general\/transparencia\/informacion-institucional-cargos-electos-y-personal-del-ayuntamiento\/normas-e-instituciones-municipales-orden-del-dia-actas-y-acuerdos\/actas-ano-2018\/","title":{"rendered":"Actas a\u00f1o 2018"},"content":{"rendered":"<p><\/p>\n<ul>\n<li><a href=\"http:\/\/www.zirauki.eus\/wp-content\/uploads\/sites\/78\/2015\/12\/05-06-2018_11_52_47.pdf\" class=\"mtli_attachment mtli_pdf\">Sesi\u00f3n pleno d\u00eda 31-01-2018<\/a><\/li>\n<li><a href=\"http:\/\/www.zirauki.eus\/wp-content\/uploads\/sites\/78\/2018\/06\/2018-05-03-ACTA-SIN-DATOS.pdf\" class=\"mtli_attachment mtli_pdf\">Sesi\u00f3n pleno d\u00eda 03-05-2018<\/a><\/li>\n<li><a href=\"http:\/\/www.zirauki.eus\/wp-content\/uploads\/sites\/78\/2019\/02\/Acta-de-Pleno-29-05-2018.pdf\" class=\"mtli_attachment mtli_pdf\">Sesi\u00f3n pleno d\u00eda 29-05-2018<\/a><\/li>\n<li><a href=\"http:\/\/www.zirauki.eus\/wp-content\/uploads\/sites\/78\/2019\/02\/Acta-de-Pleno-29-08-2018.pdf\" class=\"mtli_attachment mtli_pdf\">Sesi\u00f3n pleno d\u00eda 29-08-2018<\/a><\/li>\n<li><a href=\"http:\/\/www.xn--maeru-pta.es\/wp-content\/uploads\/sites\/116\/2019\/02\/Acta-Pleno-31-octubre-2018.pdf\" class=\"mtli_attachment mtli_pdf\">Sesi\u00f3n pleno d\u00eda 31-10-2018<\/a><\/li>\n<li><a href=\"http:\/\/www.zirauki.eus\/wp-content\/uploads\/sites\/78\/2019\/05\/Sesion-pleno-27-12-2018.pdf\" class=\"mtli_attachment mtli_pdf\">Sesi\u00f3n pleno d\u00eda 27-12-2018<\/a><\/li>\n<\/ul>\n<p><\/p>","protected":false},"excerpt":{"rendered":"<p>Sesi\u00f3n pleno d\u00eda 31-01-2018 Sesi\u00f3n pleno d\u00eda 03-05-2018 Sesi\u00f3n pleno d\u00eda 29-05-2018 Sesi\u00f3n pleno d\u00eda 29-08-2018 Sesi\u00f3n pleno d\u00eda 31-10-2018 Sesi\u00f3n pleno d\u00eda 27-12-2018<\/p>\n","protected":false},"author":252,"featured_media":0,"parent":7266,"menu_order":0,"comment_status":"closed","ping_status":"closed","template":"","meta":{"_monsterinsights_skip_tracking":false,"_monsterinsights_sitenote_active":false,"_monsterinsights_sitenote_note":"","_monsterinsights_sitenote_category":0,"footnotes":""},"class_list":["post-7612","page","type-page","status-publish","hentry"],"yoast_head":"<!-- This site is optimized with the Yoast SEO plugin v26.8 - https:\/\/yoast.com\/product\/yoast-seo-wordpress\/ -->\r\n<title>Actas a\u00f1o 2018 - Ayuntamiento de Cirauqui<\/title>\r\n<meta name=\"robots\" content=\"index, follow, max-snippet:-1, max-image-preview:large, max-video-preview:-1\" \/>\r\n<link rel=\"canonical\" href=\"http:\/\/www.zirauki.eus\/es\/general\/transparencia\/informacion-institucional-cargos-electos-y-personal-del-ayuntamiento\/normas-e-instituciones-municipales-orden-del-dia-actas-y-acuerdos\/actas-ano-2018\/\" \/>\r\n<meta property=\"og:locale\" content=\"es_ES\" \/>\r\n<meta property=\"og:type\" content=\"article\" \/>\r\n<meta property=\"og:title\" content=\"Actas a\u00f1o 2018 - Ayuntamiento de Cirauqui\" \/>\r\n<meta property=\"og:description\" content=\"Sesi\u00f3n pleno d\u00eda 31-01-2018 Sesi\u00f3n pleno d\u00eda 03-05-2018 Sesi\u00f3n pleno d\u00eda 29-05-2018 Sesi\u00f3n pleno d\u00eda 29-08-2018 Sesi\u00f3n pleno d\u00eda 31-10-2018 Sesi\u00f3n pleno d\u00eda 27-12-2018\" \/>\r\n<meta property=\"og:url\" content=\"http:\/\/www.zirauki.eus\/es\/general\/transparencia\/informacion-institucional-cargos-electos-y-personal-del-ayuntamiento\/normas-e-instituciones-municipales-orden-del-dia-actas-y-acuerdos\/actas-ano-2018\/\" \/>\r\n<meta property=\"og:site_name\" content=\"Ayuntamiento de Cirauqui\" \/>\r\n<meta property=\"article:modified_time\" content=\"2019-05-17T07:47:41+00:00\" \/>\r\n<meta name=\"twitter:card\" content=\"summary_large_image\" \/>\r\n<script type=\"application\/ld+json\" class=\"yoast-schema-graph\">{\"@context\":\"https:\/\/schema.org\",\"@graph\":[{\"@type\":\"WebPage\",\"@id\":\"http:\/\/www.zirauki.eus\/es\/general\/transparencia\/informacion-institucional-cargos-electos-y-personal-del-ayuntamiento\/normas-e-instituciones-municipales-orden-del-dia-actas-y-acuerdos\/actas-ano-2018\/\",\"url\":\"http:\/\/www.zirauki.eus\/es\/general\/transparencia\/informacion-institucional-cargos-electos-y-personal-del-ayuntamiento\/normas-e-instituciones-municipales-orden-del-dia-actas-y-acuerdos\/actas-ano-2018\/\",\"name\":\"Actas a\u00f1o 2018 - Ayuntamiento de Cirauqui\",\"isPartOf\":{\"@id\":\"http:\/\/www.zirauki.eus\/es\/#website\"},\"datePublished\":\"2018-06-06T06:40:09+00:00\",\"dateModified\":\"2019-05-17T07:47:41+00:00\",\"breadcrumb\":{\"@id\":\"http:\/\/www.zirauki.eus\/es\/general\/transparencia\/informacion-institucional-cargos-electos-y-personal-del-ayuntamiento\/normas-e-instituciones-municipales-orden-del-dia-actas-y-acuerdos\/actas-ano-2018\/#breadcrumb\"},\"inLanguage\":\"es\",\"potentialAction\":[{\"@type\":\"ReadAction\",\"target\":[[\"http:\/\/www.zirauki.eus\/es\/general\/transparencia\/informacion-institucional-cargos-electos-y-personal-del-ayuntamiento\/normas-e-instituciones-municipales-orden-del-dia-actas-y-acuerdos\/actas-ano-2018\/\"]]}]},{\"@type\":\"BreadcrumbList\",\"@id\":\"http:\/\/www.zirauki.eus\/es\/general\/transparencia\/informacion-institucional-cargos-electos-y-personal-del-ayuntamiento\/normas-e-instituciones-municipales-orden-del-dia-actas-y-acuerdos\/actas-ano-2018\/#breadcrumb\",\"itemListElement\":[{\"@type\":\"ListItem\",\"position\":1,\"name\":\"Portada\",\"item\":\"http:\/\/www.zirauki.eus\/es\/\"},{\"@type\":\"ListItem\",\"position\":2,\"name\":\"(Castellano) General\",\"item\":\"http:\/\/www.zirauki.eus\/es\/general\/\"},{\"@type\":\"ListItem\",\"position\":3,\"name\":\"Gardentasun\",\"item\":\"http:\/\/www.zirauki.eus\/es\/general\/transparencia\/\"},{\"@type\":\"ListItem\",\"position\":4,\"name\":\"Informazio instituzionala, hautetsiak eta udal langileak\",\"item\":\"http:\/\/www.zirauki.eus\/es\/general\/transparencia\/informacion-institucional-cargos-electos-y-personal-del-ayuntamiento\/\"},{\"@type\":\"ListItem\",\"position\":5,\"name\":\"Normas e instituciones municipales, actas y acuerdos\",\"item\":\"http:\/\/www.zirauki.eus\/es\/general\/transparencia\/informacion-institucional-cargos-electos-y-personal-del-ayuntamiento\/normas-e-instituciones-municipales-orden-del-dia-actas-y-acuerdos\/\"},{\"@type\":\"ListItem\",\"position\":6,\"name\":\"Actas a\u00f1o 2018\"}]},{\"@type\":\"WebSite\",\"@id\":\"http:\/\/www.zirauki.eus\/es\/#website\",\"url\":\"http:\/\/www.zirauki.eus\/es\/\",\"name\":\"Ayuntamiento de Cirauqui\",\"description\":\"Ayuntamiento de Cirauqui\",\"potentialAction\":[{\"@type\":\"SearchAction\",\"target\":{\"@type\":\"EntryPoint\",\"urlTemplate\":\"http:\/\/www.zirauki.eus\/es\/?s={search_term_string}\"},\"query-input\":{\"@type\":\"PropertyValueSpecification\",\"valueRequired\":true,\"valueName\":\"search_term_string\"}}],\"inLanguage\":\"es\"}]}<\/script>\r\n<!-- \/ Yoast SEO plugin. -->","yoast_head_json":{"title":"Actas a\u00f1o 2018 - Ayuntamiento de Cirauqui","robots":{"index":"index","follow":"follow","max-snippet":"max-snippet:-1","max-image-preview":"max-image-preview:large","max-video-preview":"max-video-preview:-1"},"canonical":"http:\/\/www.zirauki.eus\/es\/general\/transparencia\/informacion-institucional-cargos-electos-y-personal-del-ayuntamiento\/normas-e-instituciones-municipales-orden-del-dia-actas-y-acuerdos\/actas-ano-2018\/","og_locale":"es_ES","og_type":"article","og_title":"Actas a\u00f1o 2018 - Ayuntamiento de Cirauqui","og_description":"Sesi\u00f3n pleno d\u00eda 31-01-2018 Sesi\u00f3n pleno d\u00eda 03-05-2018 Sesi\u00f3n pleno d\u00eda 29-05-2018 Sesi\u00f3n pleno d\u00eda 29-08-2018 Sesi\u00f3n pleno d\u00eda 31-10-2018 Sesi\u00f3n pleno d\u00eda 27-12-2018","og_url":"http:\/\/www.zirauki.eus\/es\/general\/transparencia\/informacion-institucional-cargos-electos-y-personal-del-ayuntamiento\/normas-e-instituciones-municipales-orden-del-dia-actas-y-acuerdos\/actas-ano-2018\/","og_site_name":"Ayuntamiento de Cirauqui","article_modified_time":"2019-05-17T07:47:41+00:00","twitter_card":"summary_large_image","schema":{"@context":"https:\/\/schema.org","@graph":[{"@type":"WebPage","@id":"http:\/\/www.zirauki.eus\/es\/general\/transparencia\/informacion-institucional-cargos-electos-y-personal-del-ayuntamiento\/normas-e-instituciones-municipales-orden-del-dia-actas-y-acuerdos\/actas-ano-2018\/","url":"http:\/\/www.zirauki.eus\/es\/general\/transparencia\/informacion-institucional-cargos-electos-y-personal-del-ayuntamiento\/normas-e-instituciones-municipales-orden-del-dia-actas-y-acuerdos\/actas-ano-2018\/","name":"Actas a\u00f1o 2018 - Ayuntamiento de Cirauqui","isPartOf":{"@id":"http:\/\/www.zirauki.eus\/es\/#website"},"datePublished":"2018-06-06T06:40:09+00:00","dateModified":"2019-05-17T07:47:41+00:00","breadcrumb":{"@id":"http:\/\/www.zirauki.eus\/es\/general\/transparencia\/informacion-institucional-cargos-electos-y-personal-del-ayuntamiento\/normas-e-instituciones-municipales-orden-del-dia-actas-y-acuerdos\/actas-ano-2018\/#breadcrumb"},"inLanguage":"es","potentialAction":[{"@type":"ReadAction","target":[["http:\/\/www.zirauki.eus\/es\/general\/transparencia\/informacion-institucional-cargos-electos-y-personal-del-ayuntamiento\/normas-e-instituciones-municipales-orden-del-dia-actas-y-acuerdos\/actas-ano-2018\/"]]}]},{"@type":"BreadcrumbList","@id":"http:\/\/www.zirauki.eus\/es\/general\/transparencia\/informacion-institucional-cargos-electos-y-personal-del-ayuntamiento\/normas-e-instituciones-municipales-orden-del-dia-actas-y-acuerdos\/actas-ano-2018\/#breadcrumb","itemListElement":[{"@type":"ListItem","position":1,"name":"Portada","item":"http:\/\/www.zirauki.eus\/es\/"},{"@type":"ListItem","position":2,"name":"(Castellano) General","item":"http:\/\/www.zirauki.eus\/es\/general\/"},{"@type":"ListItem","position":3,"name":"Gardentasun","item":"http:\/\/www.zirauki.eus\/es\/general\/transparencia\/"},{"@type":"ListItem","position":4,"name":"Informazio instituzionala, hautetsiak eta udal langileak","item":"http:\/\/www.zirauki.eus\/es\/general\/transparencia\/informacion-institucional-cargos-electos-y-personal-del-ayuntamiento\/"},{"@type":"ListItem","position":5,"name":"Normas e instituciones municipales, actas y acuerdos","item":"http:\/\/www.zirauki.eus\/es\/general\/transparencia\/informacion-institucional-cargos-electos-y-personal-del-ayuntamiento\/normas-e-instituciones-municipales-orden-del-dia-actas-y-acuerdos\/"},{"@type":"ListItem","position":6,"name":"Actas a\u00f1o 2018"}]},{"@type":"WebSite","@id":"http:\/\/www.zirauki.eus\/es\/#website","url":"http:\/\/www.zirauki.eus\/es\/","name":"Ayuntamiento de Cirauqui","description":"Ayuntamiento de Cirauqui","potentialAction":[{"@type":"SearchAction","target":{"@type":"EntryPoint","urlTemplate":"http:\/\/www.zirauki.eus\/es\/?s={search_term_string}"},"query-input":{"@type":"PropertyValueSpecification","valueRequired":true,"valueName":"search_term_string"}}],"inLanguage":"es"}]}},"_links":{"self":[{"href":"http:\/\/www.zirauki.eus\/es\/wp-json\/wp\/v2\/pages\/7612","targetHints":{"allow":["GET"]}}],"collection":[{"href":"http:\/\/www.zirauki.eus\/es\/wp-json\/wp\/v2\/pages"}],"about":[{"href":"http:\/\/www.zirauki.eus\/es\/wp-json\/wp\/v2\/types\/page"}],"author":[{"embeddable":true,"href":"http:\/\/www.zirauki.eus\/es\/wp-json\/wp\/v2\/users\/252"}],"replies":[{"embeddable":true,"href":"http:\/\/www.zirauki.eus\/es\/wp-json\/wp\/v2\/comments?post=7612"}],"version-history":[{"count":5,"href":"http:\/\/www.zirauki.eus\/es\/wp-json\/wp\/v2\/pages\/7612\/revisions"}],"predecessor-version":[{"id":8001,"href":"http:\/\/www.zirauki.eus\/es\/wp-json\/wp\/v2\/pages\/7612\/revisions\/8001"}],"up":[{"embeddable":true,"href":"http:\/\/www.zirauki.eus\/es\/wp-json\/wp\/v2\/pages\/7266"}],"wp:attachment":[{"href":"http:\/\/www.zirauki.eus\/es\/wp-json\/wp\/v2\/media?parent=7612"}],"curies":[{"name":"wp","href":"https:\/\/api.w.org\/{rel}","templated":true}]}}