{"id":8940,"date":"2024-03-19T10:24:36","date_gmt":"2024-03-19T08:24:36","guid":{"rendered":"http:\/\/www.zirauki.eus\/?page_id=8940"},"modified":"2024-03-19T10:25:15","modified_gmt":"2024-03-19T08:25:15","slug":"politica-de-seguridad-de-la-informacion","status":"publish","type":"page","link":"http:\/\/www.zirauki.eus\/es\/politica-de-seguridad-de-la-informacion\/","title":{"rendered":"Pol\u00edtica de Seguridad de la informaci\u00f3n"},"content":{"rendered":"<p>&nbsp;<\/p>\n<p>Pol\u00edtica de Seguridad de la informaci\u00f3n<\/p>\n<p><a href=\"https:\/\/sede.administracion.gob.es\/PAG_Sede\/LaSedePAG\/PoliticaFirmaElectronicaYCertificadosAGE.html\" target=\"_blank\" rel=\"noopener\">Pol\u00edtica de Firma Electr\u00f3nica y de Certificados de la Administraci\u00f3n General del estado (AGE)<\/a><\/p>\n<p>Acuerdo de Pleno aprobaci\u00f3n Pol\u00edtica y adhesi\u00f3n a la AGE<\/p>","protected":false},"excerpt":{"rendered":"<p>&nbsp; Pol\u00edtica de Seguridad de la informaci\u00f3n Pol\u00edtica de Firma Electr\u00f3nica y de Certificados de la Administraci\u00f3n General del estado (AGE) Acuerdo de Pleno aprobaci\u00f3n Pol\u00edtica y adhesi\u00f3n a la AGE<\/p>\n","protected":false},"author":1,"featured_media":0,"parent":0,"menu_order":0,"comment_status":"closed","ping_status":"closed","template":"","meta":{"_monsterinsights_skip_tracking":false,"_monsterinsights_sitenote_active":false,"_monsterinsights_sitenote_note":"","_monsterinsights_sitenote_category":0,"footnotes":""},"class_list":["post-8940","page","type-page","status-publish","hentry"],"yoast_head":"<!-- This site is optimized with the Yoast SEO plugin v26.8 - https:\/\/yoast.com\/product\/yoast-seo-wordpress\/ -->\r\n<title>Pol\u00edtica de Seguridad de la informaci\u00f3n - Ayuntamiento de Cirauqui<\/title>\r\n<meta name=\"robots\" content=\"index, follow, max-snippet:-1, max-image-preview:large, max-video-preview:-1\" \/>\r\n<link rel=\"canonical\" href=\"http:\/\/www.zirauki.eus\/es\/politica-de-seguridad-de-la-informacion\/\" \/>\r\n<meta property=\"og:locale\" content=\"es_ES\" \/>\r\n<meta property=\"og:type\" content=\"article\" \/>\r\n<meta property=\"og:title\" content=\"Pol\u00edtica de Seguridad de la informaci\u00f3n - Ayuntamiento de Cirauqui\" \/>\r\n<meta property=\"og:description\" content=\"&nbsp; Pol\u00edtica de Seguridad de la informaci\u00f3n Pol\u00edtica de Firma Electr\u00f3nica y de Certificados de la Administraci\u00f3n General del estado (AGE) Acuerdo de Pleno aprobaci\u00f3n Pol\u00edtica y adhesi\u00f3n a la AGE\" \/>\r\n<meta property=\"og:url\" content=\"http:\/\/www.zirauki.eus\/es\/politica-de-seguridad-de-la-informacion\/\" \/>\r\n<meta property=\"og:site_name\" content=\"Ayuntamiento de Cirauqui\" \/>\r\n<meta property=\"article:modified_time\" content=\"2024-03-19T08:25:15+00:00\" \/>\r\n<meta name=\"twitter:card\" content=\"summary_large_image\" \/>\r\n<meta name=\"twitter:label1\" content=\"Tiempo de lectura\" \/>\n\t<meta name=\"twitter:data1\" content=\"1 minuto\" \/>\r\n<script type=\"application\/ld+json\" class=\"yoast-schema-graph\">{\"@context\":\"https:\/\/schema.org\",\"@graph\":[{\"@type\":\"WebPage\",\"@id\":\"http:\/\/www.zirauki.eus\/es\/politica-de-seguridad-de-la-informacion\/\",\"url\":\"http:\/\/www.zirauki.eus\/es\/politica-de-seguridad-de-la-informacion\/\",\"name\":\"Pol\u00edtica de Seguridad de la informaci\u00f3n - Ayuntamiento de Cirauqui\",\"isPartOf\":{\"@id\":\"http:\/\/www.zirauki.eus\/es\/#website\"},\"datePublished\":\"2024-03-19T08:24:36+00:00\",\"dateModified\":\"2024-03-19T08:25:15+00:00\",\"breadcrumb\":{\"@id\":\"http:\/\/www.zirauki.eus\/es\/politica-de-seguridad-de-la-informacion\/#breadcrumb\"},\"inLanguage\":\"es\",\"potentialAction\":[{\"@type\":\"ReadAction\",\"target\":[[\"http:\/\/www.zirauki.eus\/es\/politica-de-seguridad-de-la-informacion\/\"]]}]},{\"@type\":\"BreadcrumbList\",\"@id\":\"http:\/\/www.zirauki.eus\/es\/politica-de-seguridad-de-la-informacion\/#breadcrumb\",\"itemListElement\":[{\"@type\":\"ListItem\",\"position\":1,\"name\":\"Portada\",\"item\":\"http:\/\/www.zirauki.eus\/es\/\"},{\"@type\":\"ListItem\",\"position\":2,\"name\":\"Informazioaren segurtasun-politika\"}]},{\"@type\":\"WebSite\",\"@id\":\"http:\/\/www.zirauki.eus\/es\/#website\",\"url\":\"http:\/\/www.zirauki.eus\/es\/\",\"name\":\"Ayuntamiento de Cirauqui\",\"description\":\"Ayuntamiento de Cirauqui\",\"potentialAction\":[{\"@type\":\"SearchAction\",\"target\":{\"@type\":\"EntryPoint\",\"urlTemplate\":\"http:\/\/www.zirauki.eus\/es\/?s={search_term_string}\"},\"query-input\":{\"@type\":\"PropertyValueSpecification\",\"valueRequired\":true,\"valueName\":\"search_term_string\"}}],\"inLanguage\":\"es\"}]}<\/script>\r\n<!-- \/ Yoast SEO plugin. -->","yoast_head_json":{"title":"Pol\u00edtica de Seguridad de la informaci\u00f3n - Ayuntamiento de Cirauqui","robots":{"index":"index","follow":"follow","max-snippet":"max-snippet:-1","max-image-preview":"max-image-preview:large","max-video-preview":"max-video-preview:-1"},"canonical":"http:\/\/www.zirauki.eus\/es\/politica-de-seguridad-de-la-informacion\/","og_locale":"es_ES","og_type":"article","og_title":"Pol\u00edtica de Seguridad de la informaci\u00f3n - Ayuntamiento de Cirauqui","og_description":"&nbsp; Pol\u00edtica de Seguridad de la informaci\u00f3n Pol\u00edtica de Firma Electr\u00f3nica y de Certificados de la Administraci\u00f3n General del estado (AGE) Acuerdo de Pleno aprobaci\u00f3n Pol\u00edtica y adhesi\u00f3n a la AGE","og_url":"http:\/\/www.zirauki.eus\/es\/politica-de-seguridad-de-la-informacion\/","og_site_name":"Ayuntamiento de Cirauqui","article_modified_time":"2024-03-19T08:25:15+00:00","twitter_card":"summary_large_image","twitter_misc":{"Tiempo de lectura":"1 minuto"},"schema":{"@context":"https:\/\/schema.org","@graph":[{"@type":"WebPage","@id":"http:\/\/www.zirauki.eus\/es\/politica-de-seguridad-de-la-informacion\/","url":"http:\/\/www.zirauki.eus\/es\/politica-de-seguridad-de-la-informacion\/","name":"Pol\u00edtica de Seguridad de la informaci\u00f3n - Ayuntamiento de Cirauqui","isPartOf":{"@id":"http:\/\/www.zirauki.eus\/es\/#website"},"datePublished":"2024-03-19T08:24:36+00:00","dateModified":"2024-03-19T08:25:15+00:00","breadcrumb":{"@id":"http:\/\/www.zirauki.eus\/es\/politica-de-seguridad-de-la-informacion\/#breadcrumb"},"inLanguage":"es","potentialAction":[{"@type":"ReadAction","target":[["http:\/\/www.zirauki.eus\/es\/politica-de-seguridad-de-la-informacion\/"]]}]},{"@type":"BreadcrumbList","@id":"http:\/\/www.zirauki.eus\/es\/politica-de-seguridad-de-la-informacion\/#breadcrumb","itemListElement":[{"@type":"ListItem","position":1,"name":"Portada","item":"http:\/\/www.zirauki.eus\/es\/"},{"@type":"ListItem","position":2,"name":"Informazioaren segurtasun-politika"}]},{"@type":"WebSite","@id":"http:\/\/www.zirauki.eus\/es\/#website","url":"http:\/\/www.zirauki.eus\/es\/","name":"Ayuntamiento de Cirauqui","description":"Ayuntamiento de Cirauqui","potentialAction":[{"@type":"SearchAction","target":{"@type":"EntryPoint","urlTemplate":"http:\/\/www.zirauki.eus\/es\/?s={search_term_string}"},"query-input":{"@type":"PropertyValueSpecification","valueRequired":true,"valueName":"search_term_string"}}],"inLanguage":"es"}]}},"_links":{"self":[{"href":"http:\/\/www.zirauki.eus\/es\/wp-json\/wp\/v2\/pages\/8940","targetHints":{"allow":["GET"]}}],"collection":[{"href":"http:\/\/www.zirauki.eus\/es\/wp-json\/wp\/v2\/pages"}],"about":[{"href":"http:\/\/www.zirauki.eus\/es\/wp-json\/wp\/v2\/types\/page"}],"author":[{"embeddable":true,"href":"http:\/\/www.zirauki.eus\/es\/wp-json\/wp\/v2\/users\/1"}],"replies":[{"embeddable":true,"href":"http:\/\/www.zirauki.eus\/es\/wp-json\/wp\/v2\/comments?post=8940"}],"version-history":[{"count":2,"href":"http:\/\/www.zirauki.eus\/es\/wp-json\/wp\/v2\/pages\/8940\/revisions"}],"predecessor-version":[{"id":8942,"href":"http:\/\/www.zirauki.eus\/es\/wp-json\/wp\/v2\/pages\/8940\/revisions\/8942"}],"wp:attachment":[{"href":"http:\/\/www.zirauki.eus\/es\/wp-json\/wp\/v2\/media?parent=8940"}],"curies":[{"name":"wp","href":"https:\/\/api.w.org\/{rel}","templated":true}]}}