{"id":9284,"date":"2026-01-16T16:13:30","date_gmt":"2026-01-16T14:13:30","guid":{"rendered":"http:\/\/www.zirauki.eus\/?page_id=9284"},"modified":"2026-01-16T16:25:03","modified_gmt":"2026-01-16T14:25:03","slug":"iruzurraren-aurkako-salaketen-kanalak","status":"publish","type":"page","link":"http:\/\/www.zirauki.eus\/es\/iruzurraren-aurkako-salaketen-kanalak\/","title":{"rendered":"Canal de denuncias antifraude"},"content":{"rendered":"<p>A trav\u00e9s del\u00a0<strong><em>canal de denuncias antifraude<\/em><\/strong>\u00a0cualquier persona puede presentar una denuncia cuando en un contexto laboral o profesional detecte acciones u omisiones que puedan constituir infracciones del derecho de la Uni\u00f3n Europea o bien que sean constitutivas de infracci\u00f3n penal o administrativa grave o muy grave, conforme a la Ley 2\/2023, de 20 de febrero, reguladora de la protecci\u00f3n de las personas que informen sobre infracciones normativas y de lucha contra la corrupci\u00f3n.<\/p>\n<p>Esta v\u00eda de comunicaci\u00f3n ciudadana permite al Ayuntamiento de Cirauqui reaccionar frente a irregularidades en su actuaci\u00f3n adoptando las medidas oportunas para que dejen de producirse, facilitando el compromiso \u00e9tico con las mejores pr\u00e1cticas por parte del Ayuntamiento de Cirauqui.<\/p>\n<p><strong>Normativa de consulta:<\/strong><\/p>\n<ul>\n<li><a href=\"https:\/\/www.boe.es\/eli\/es\/l\/2023\/02\/20\/2\/con\" target=\"_blank\" rel=\"noopener\">Ley 2\/2023, de 20 de febrero, reguladora de la protecci\u00f3n de las personas que informen sobre infracciones normativas y de lucha contra la corrupci\u00f3n<\/a><\/li>\n<li><a href=\"http:\/\/www.lexnavarra.navarra.es\/detalle.asp?r=50154\" target=\"_blank\" rel=\"noopener\">Ley Foral 7\/2018, de 17 de mayo, de creaci\u00f3n de la Oficina de Buenas Pr\u00e1cticas y Anticorrupci\u00f3n de la Comunidad Foral de Navarra.<\/a><\/li>\n<li><a href=\"http:\/\/www.lexnavarra.navarra.es\/detalle.asp?r=55804\" target=\"_blank\" rel=\"noopener\">Decreto Foral 14\/2023, de 1 de marzo, por el que se aprueba el Reglamento de Organizaci\u00f3n y Funcionamiento de la Oficina<\/a><\/li>\n<\/ul>\n<p><!--more--><\/p>\n<h2>Principios esenciales<\/h2>\n<div class=\"bloque class-col-xs-12\"><a href=\"#prueba1\" class=\"bloque-tab\">\u00bfQu\u00e9 puedo denunciar?<\/a><div class=\"contenido-bloque\" id=\"prueba1\" style=\"display: none;\"><\/p>\n<p>Son susceptible de denunciarse, seg\u00fan la Ley 2\/2023, de 20 de febrero, reguladora de la protecci\u00f3n de las personas que informen sobre infracciones normativas y de lucha contra la corrupci\u00f3n, las siguientes:<\/p>\n<ol>\n<li>Cualesquiera acciones u omisiones que puedan constituir infracciones del Derecho de la Uni\u00f3n Europea siempre que:\n<ol>\n<li>Entren dentro del \u00e1mbito de aplicaci\u00f3n de los actos de la Uni\u00f3n Europea enumerados en el\u00a0<a class=\"mtli_attachment mtli_pdf mtli_attachment mtli_pdf\" href=\"https:\/\/www.boe.es\/doue\/2019\/305\/L00017-00056.pdf\" target=\"_blank\" rel=\"noopener\">anexo de la Directiva (UE) 2019\/1937 del Parlamento Europeo y del Consejo, de 23 de octubre de 2019, relativa a la protecci\u00f3n de las personas que informen sobre infracciones del Derecho de la Uni\u00f3n<\/a>, con independencia de la calificaci\u00f3n que de las mismas realice el ordenamiento jur\u00eddico interno\u00a0<em>(Contrataci\u00f3n P\u00fablica; Servicios productos y mercados financieros, y prevenci\u00f3n del blanqueo de capitales y la financiaci\u00f3n del terrorismo; Seguridad de los productos y conformidad; Seguridad del Transporte; Protecci\u00f3n del medio ambiente; Protecci\u00f3n frente a las radiaciones y seguridad nuclear; Seguridad de los alimentos y los piensos, sanidad animal y bienestar de los animales; Salud P\u00fablica; Protecci\u00f3n de los Consumidores; Protecci\u00f3n de la Privacidad y de los datos personales, y seguridad de las redes y los sistemas de informaci\u00f3n.)<\/em><\/li>\n<li>Afecten a los intereses financieros de la Uni\u00f3n Europea tal y como se contemplan en el art\u00edculo 325 del\u00a0<a class=\"mtli_attachment mtli_pdf mtli_attachment mtli_pdf\" href=\"https:\/\/www.boe.es\/doue\/2010\/083\/Z00047-00199.pdf\" target=\"_blank\" rel=\"noopener\">Tratado de Funcionamiento de la Uni\u00f3n Europea<\/a>\u00a0(TFUE); o<\/li>\n<li>Incidan en el mercado interior, tal y como se contempla en el art\u00edculo 26, apartado 2 del TFUE, incluidas las infracciones de las normas de la Uni\u00f3n Europea en materia de competencia y ayudas otorgadas por los Estados, as\u00ed como las infracciones relativas al mercado interior en relaci\u00f3n con los actos que infrinjan las normas del impuesto sobre sociedades o con pr\u00e1cticas cuya finalidad sea obtener una ventaja fiscal que desvirt\u00fae el objeto o la finalidad de la legislaci\u00f3n aplicable al impuesto sobre sociedades.<\/li>\n<\/ol>\n<\/li>\n<li>Acciones u omisiones que puedan ser constitutivas de infracci\u00f3n penal o administrativa grave o muy grave. En todo caso, se entender\u00e1n comprendidas todas aquellas infracciones penales o administrativas graves o muy graves que impliquen quebranto econ\u00f3mico para la Hacienda P\u00fablica y para la Seguridad Social.<\/li>\n<\/ol>\n<p><\/div><\/div>\n<div class=\"bloque class-col-xs-12\"><a href=\"#prueba2\" class=\"bloque-tab\">\u00bfQui\u00e9n puede denunciar?<\/a><div class=\"contenido-bloque\" id=\"prueba2\" style=\"display: none;\"><\/p>\n<p>Cualquier persona que haya obtenido informaci\u00f3n en un contexto de relaci\u00f3n laboral o profesional con el Ayuntamiento de Cirauqui, comprendiendo en todo caso:<\/p>\n<ol>\n<li>Personas que tengan la condici\u00f3n de personal empleado p\u00fablico o trabajadores y trabajadoras por cuenta ajena.<\/li>\n<li>Las personas aut\u00f3nomas.<\/li>\n<li>Las personas accionistas, part\u00edcipes y aquellas pertenecientes al \u00f3rgano de administraci\u00f3n, direcci\u00f3n o supervisi\u00f3n de una empresa, incluidos las personas miembros no ejecutivas.<\/li>\n<li>Cualquier persona que trabaje para o bajo la supervisi\u00f3n y la direcci\u00f3n de contratistas, subcontratistas y proveedores.<\/li>\n<li>Personas voluntarias, becarias, trabajadoras en periodo de formaci\u00f3n con independencia de que reciban o no una remuneraci\u00f3n.<\/li>\n<li>Cualquier persona cuya relaci\u00f3n laboral a\u00fan no haya comenzado, en los casos en que la informaci\u00f3n sobre infracciones se obtenga durante el proceso de selecci\u00f3n o de negociaci\u00f3n precontractual.<\/li>\n<\/ol>\n<p><\/div><\/div>\n<div class=\"bloque class-col-xs-12\"><a href=\"#prueba3\" class=\"bloque-tab\">\u00bfC\u00f3mo y d\u00f3nde puedo realizar una denuncia?<\/a><div class=\"contenido-bloque\" id=\"prueba3\" style=\"display: none;\"><\/p>\n<ul>\n<li>Las denuncias por actuaciones realizadas por el Ayuntamiento de Cirauqui, a trav\u00e9s de las siguientes v\u00edas:\n<ul>\n<li>Canal Interno de Denuncias del Ayuntamiento de Cirauqui, rellenando el formulario situado al final de la siguiente informaci\u00f3n.<\/li>\n<li>Canal Externo de Denuncia en la Oficina de Buenas Pr\u00e1cticas y Anticorrupci\u00f3n de la Comunidad Foral de Navarra en los enlaces que se se\u00f1alan a continuaci\u00f3n.<\/li>\n<\/ul>\n<\/li>\n<\/ul>\n<ul>\n<li>Las denuncias por actuaciones ajenas al Ayuntamiento de Cirauqui, a trav\u00e9s de la Oficina de Buenas Pr\u00e1cticas y Anticorrupci\u00f3n de la Comunidad Foral de Navarra:<\/li>\n<\/ul>\n<ul>\n<li>\n<ul>\n<li>La direcci\u00f3n electr\u00f3nica de este canal externo de denuncias es:\u00a0<a href=\"https:\/\/canal.oana.es\/\" target=\"_blank\" rel=\"noopener\">https:\/\/canal.oana.es<\/a><\/li>\n<li>Se podr\u00e1 formular la denuncia a trav\u00e9s de los enlaces habilitados en el portal web de la Oficina:\u00a0<a href=\"https:\/\/oana.es\/\" target=\"_blank\" rel=\"noopener\">https:\/\/oana.es<\/a><\/li>\n<\/ul>\n<\/li>\n<\/ul>\n<p>Todas las denuncias podr\u00e1n ser\u00a0<strong>an\u00f3nimas<\/strong>\u00a0o\u00a0<strong>con identificaci\u00f3n de la persona informante.<\/strong>\u00a0Este tipo de comunicaciones a trav\u00e9s de los correspondientes canales de denuncia permiten proteger a quienes denuncien<strong>\u00a0pr\u00e1cticas corruptas, fraudes\u00a0<\/strong>o cualquier vulneraci\u00f3n de leyes nacionales o europeas mediante el establecimiento de canales protegidos de comunicaciones y la prohibici\u00f3n de cualquier represalia contra estas personas.<\/p>\n<p><\/div><\/div>\n<div class=\"bloque class-col-xs-12\"><a href=\"#prueba4\" class=\"bloque-tab\">\u00bfQu\u00e9 debo saber?<\/a><div class=\"contenido-bloque\" id=\"prueba4\" style=\"display: none;\"><\/p>\n<p>Debe tenerse en cuenta que tanto la persona informante como las personas afectadas por la denuncia tendr\u00e1n derecho a la preservaci\u00f3n de su identidad, en los t\u00e9rminos previstos en el art\u00edculo 32 de la Ley 2\/2023, de 20 de febrero.<\/p>\n<p>Adem\u00e1s, las personas informantes cuentan con una serie de derechos, cuando las informaciones que proporcionen cumplan con los requisitos de los art\u00edculos 2 y 35 de esa norma, entre los que destaca la prohibici\u00f3n de represalias (art\u00edculo 36).<\/p>\n<p>Considera tambi\u00e9n las medidas de apoyo y de protecci\u00f3n frente a las represalias que la Ley recoge en sus art\u00edculos 37 y 38.<\/p>\n<p>Debe tambi\u00e9n conocerse que \u201ccomunicar o revelar p\u00fablicamente informaci\u00f3n a sabiendas de su falsedad\u201d se considera infracci\u00f3n muy grave y que la Ley prev\u00e9 multa desde 30.001 hasta 300.000 euros para las personas f\u00edsicas que la cometan (art\u00edculos 63.1.f) y 65.1.a) de la citada Ley).<\/p>\n<p><\/div><\/div>\n<h2>Canales de denuncia<\/h2>\n<div class=\"bloque class-col-xs-12\"><a href=\"#prueba5\" class=\"bloque-tab\">Canal externo de denuncia<\/a><div class=\"contenido-bloque\" id=\"prueba5\" style=\"display: none;\"><\/p>\n<p>El buz\u00f3n o canal externo de denuncias es un sistema de comunicaci\u00f3n que se pone a disposici\u00f3n de la ciudadan\u00eda para comunicar cualquier infracci\u00f3n penal o administrativa grave o muy grave, conforme a la Ley 2\/2023, de 20 de febrero, reguladora de la protecci\u00f3n de las personas que informen sobre infracciones normativas y de lucha contra la corrupci\u00f3n, a fin de que sean investigadas y en su caso se depuren las correspondientes responsabilidades.<\/p>\n<p>Este canal est\u00e1 gestionado por la Oficina de Buenas Practicas y Anticorrupci\u00f3n de la Comunidad Foral de Navarra<\/p>\n<p>Las denuncias o informaciones que se presenten a trav\u00e9s del canal externo de denuncias se deber\u00e1n referir a acciones u omisiones que se produzcan en el \u00e1mbito de actuaci\u00f3n de la Oficina de Buenas Pr\u00e1cticas y Anticorrupci\u00f3n de la Comunidad Foral de Navarra, frente a actuaciones realizadas por los siguientes sujetos (\u00e1mbito subjetivo):<\/p>\n<ol>\n<li>La Administraci\u00f3n de la Comunidad Foral de Navarra y sus organismos, entes, entidades, fundaciones, consorcios y empresas p\u00fablicas, con participaci\u00f3n mayoritaria o dominio efectivo, independientemente de que se rijan por el derecho p\u00fablico o privado. En el caso de que dicha participaci\u00f3n sea inferior al 50%, el \u00e1mbito de actuaci\u00f3n de la Oficina se limitar\u00e1 al control de las actividades de gesti\u00f3n de servicios p\u00fablicos, de ejecuci\u00f3n de obras p\u00fablicas, de asistencia o suministro, a cuenta del sector p\u00fablico de Navarra.<\/li>\n<li>Las entidades locales de Navarra y sus organismos, entes, entidades, fundaciones y empresas p\u00fablicas, con participaci\u00f3n mayoritaria o dominio efectivo, independientemente de que se rijan por el derecho p\u00fablico o privado. En el caso de que dicha participaci\u00f3n sea inferior al 50%, el \u00e1mbito de actuaci\u00f3n de la Oficina se limitar\u00e1 al control de las actividades de gesti\u00f3n de servicios p\u00fablicos, de ejecuci\u00f3n de obras p\u00fablicas, de asistencia o suministro, a cuenta del sector p\u00fablico de Navarra.<\/li>\n<li>La Universidad P\u00fablica de Navarra y sus entes, entidades, fundaciones y organismos dependientes.<\/li>\n<li>Los partidos pol\u00edticos, las organizaciones sindicales y empresariales y las fundaciones y asociaciones vinculadas en los t\u00e9rminos a que hace referencia el art\u00edculo 4.1.e) de la Ley Foral 2\/2018, de 13 de abril, de Contratos P\u00fablicos.<\/li>\n<\/ol>\n<p>Mediante Resoluci\u00f3n 4\/2023, de 26 de junio, de la directora de la Oficina de Buenas Pr\u00e1cticas y Anticorrupci\u00f3n de la Comunidad Foral de Navarra, se habilita el buz\u00f3n o canal externo de denuncias (canal externo de informaci\u00f3n) de la Oficina de Buenas Pr\u00e1cticas y Anticorrupci\u00f3n de la Comunidad Foral de Navarra.\u00a0<a href=\"https:\/\/bon.navarra.es\/es\/anuncio\/-\/texto\/2023\/144\/15\" target=\"_blank\" rel=\"noopener\">(Bolet\u00edn Oficial de Navarra n\u00famero 144 de 11 de julio de 2023)<\/a>.<\/p>\n<ul>\n<li>La direcci\u00f3n electr\u00f3nica de este canal externo de denuncias es:\u00a0\u00a0<a href=\"https:\/\/canal.oana.es\/\">https:\/\/canal.oana.es<\/a><\/li>\n<li>Se podr\u00e1 formular la denuncia a trav\u00e9s de los enlaces habilitados en el portal web de la Oficina:\u00a0<a href=\"https:\/\/oana.es\/\">https:\/\/oana.es<\/a><\/li>\n<\/ul>\n<p><\/div><\/div>\n<div class=\"bloque class-col-xs-12\"><a href=\"#prueba6\" class=\"bloque-tab\">Canal interno de denuncia<\/a><div class=\"contenido-bloque\" id=\"prueba6\" style=\"display: none;\"><\/p>\n<p>Este canal es un sistema de comunicaci\u00f3n que se pone a disposici\u00f3n de<strong> los empleados y empleadas, y en su caso otras personas vinculadas laboral o profesionalmente con el Ayuntamiento de Cirauqui <\/strong>de manera que todas estas personas puedan comunicar las irregularidades que se produzcan en el seno de esta administraci\u00f3n p\u00fablica, a fin de que sean investigadas y en su caso se depuren las correspondientes responsabilidades.<\/p>\n<p>Las acciones u omisiones del Ayuntamiento de Cirauqui que puedan constituir infracciones del derecho de la Uni\u00f3n Europea o bien que sean constitutivas de infracci\u00f3n penal o administrativa grave o muy grave, conforme a la Ley 2\/2023, de 20 de febrero, reguladora de la protecci\u00f3n de las personas que informen sobre infracciones normativas y de lucha contra la corrupci\u00f3n, podr\u00e1n denunciarse a trav\u00e9s del\u00a0 canal interno de denuncia rellenando el formulario que se encuentra a continuaci\u00f3n.<\/p>\n<p>Adem\u00e1s, este canal de denuncia interno puede considerarse <strong>para la ciudadan\u00eda como preferente respecto al canal externo de denuncia<\/strong>, en el caso de concurrencia de irregularidades atribuidas al Ayuntamiento de Cirauqui.<\/p>\n<p><\/div><\/div>\n<p>Las denuncias enviadas a trav\u00e9s de este buz\u00f3n deben versar sobre conductas contrarias a la legislaci\u00f3n vigente, a los c\u00f3digos, pol\u00edticas y a cualquier actuaci\u00f3n irregular o impropia cometida en el seno de esta entidad.<\/p><h3 class='titulo_den'>Nueva denuncia<\/h3><form method='POST' id='canal-denuncias' enctype='multipart\/form-data' action='\/es\/wp-json\/wp\/v2\/pages\/9284'><div class='form-group'><label for='asunto'>Asunto<span class='required'>*<\/span><\/label><input id='asunto' class='form-control' type='text' name='asunto' value='' \/><\/div><div class='form-group'><p class='form-text text-muted'>Los hechos deben describirse de la forma m\u00e1s concreta y detallada posible, debiendo aportarse cualquier documentaci\u00f3n o elemento de prueba que facilite su verificaci\u00f3n. Se aconseja facilitar la informaci\u00f3n sensible mediante un fichero adjunto.<\/p><label for='descripcion'>Descripci\u00f3n<span class='required'>*<\/span><\/label><textarea id='descripcion' class='form-control' name='descripcion'><\/textarea><\/div><div class='form-group'><label for='adjunto'>Adjuntar archivo<\/label><input id='adjunto' class='form-control' type='file' name='adjunto' value='' \/><small>Tipos de fichero v\u00e1lidos: jpeg, gif, png, tiff, webp y pdf<\/small><\/div><hr><div class='h4'>Datos de contacto (opcional)<\/div><p>Se guardar\u00e1 total confidencialidad respecto a su identidad. Si no facilita datos de contacto, renuncia a su derecho a recibir notificaci\u00f3n.<\/p><div class='form-group'><label for='nombre'>Nombre y apellidos<\/label><input id='nombre' class='form-control' type='text' name='nombre' value='' \/><\/div><div class='form-group'><label for='email'>Email<\/label><input id='email' class='form-control' type='text' name='email' value='' \/><\/div><div class='form-group'><input class='btn btn-default btn-denuncias' type='submit' name='enviar' value='Enviar' \/><\/div><table class='denuncias-lopd'><tbody><tr><th scope='row'>Responsable<\/th><td>Ayuntamiento de Cirauqui<\/td><\/tr><tr><th scope='row'>Finalidad<\/th><td><p>Gesti\u00f3n, tramitaci\u00f3n e investigaci\u00f3n de las comunicaciones que lleguen a trav\u00e9s del canal de denuncias.<\/p><p>Mantenimiento del libro registro con las informaciones recibidas y las investigaciones internas que hayan dado lugar, de conformidad con el art. 26 de la Ley 2\/2023.<\/p><\/td><\/tr><tr><th scope='row'>Legitimizaci\u00f3n<\/th><td><p>Tratamiento necesario para el cumplimiento de una obligaci\u00f3n legal aplicable al responsable de tratamiento (art. 6.1.c RGPD)<\/p><p>Ley 2\/2023, de 20 de febrero, reguladora de la protecci\u00f3n de las personas que informen sobre infracciones normativas y de lucha contra la corrupci\u00f3n.<\/p><\/td><\/tr><tr><th scope='row'>Derechos<\/th><td>Acceso, rectificaci\u00f3n, supresi\u00f3n y otros como se indica en la informaci\u00f3n ampliada.<\/td><\/tr><tr><th scope='row'>Informaci\u00f3n adicional<\/th><td>La informaci\u00f3n ampliada se puede consultar en el apartado de <a href=\"\/aviso-de-privacidad\">Protecci\u00f3n de datos de la web<\/a> o contactando con el delegado de protecci\u00f3n de datos (<a href=\"mailto:\"><\/a>)<\/td><\/tr><\/tbody><tfoot><tr><td colspan='2'>Informaci\u00f3n b\u00e1sica sobre protecci\u00f3n de datos<\/td><\/tfoot><\/table><input type='hidden' id='g-recaptcha-response' name='g-recaptcha-response'><input type='hidden' name='action' value='validate_captcha'><\/form><script src='https:\/\/www.google.com\/recaptcha\/api.js?render=6Ldhe3kUAAAAAFKXOO2m_AMUvZMDrAdmrDisBeQJ'><\/script><script>grecaptcha.ready(function () {\n    document.querySelector('.btn.btn-default.btn-denuncias').addEventListener('click', function (e) {\n        e.preventDefault()\n\n        grecaptcha.execute('6Ldhe3kUAAAAAFKXOO2m_AMUvZMDrAdmrDisBeQJ', {action: 'validate_captcha'})\n            .then(function (token) {\n                document.getElementById('g-recaptcha-response').value = token\n                document.getElementById('canal-denuncias').submit()\n            });\n    })\n})\n\t<\/script>\n<p><h3 id='buscador-denuncias' class='titulo_den'>Consultar estado denuncia<\/h3><form method='GET' action='\/es\/wp-json\/wp\/v2\/pages\/9284#buscador-denuncias'><p>Si cuando curs\u00f3 la denuncia facilit\u00f3 un email introd\u00fazcalo, en caso contrario, introduzca el n\u00famero de denuncia que se le facilit\u00f3<\/p><div class='form-group'><label for='incidencia-email'>C\u00f3digo de denuncia \/ Correo electr\u00f3nico:<\/label><input type='text' name='denuncia' id='incidencia-email' class='form-control' value='' \/><\/div><div class='form-group'><input type='submit' class='btn btn-default btn-denuncias' value='Buscar' \/><\/div><\/form><\/p>","protected":false},"excerpt":{"rendered":"<p>A trav\u00e9s del\u00a0canal de denuncias antifraude\u00a0cualquier persona puede presentar una denuncia cuando en un contexto laboral o profesional detecte acciones u omisiones que puedan constituir infracciones del derecho de la Uni\u00f3n Europea o bien que sean constitutivas de infracci\u00f3n penal&hellip; <\/p>\n","protected":false},"author":1,"featured_media":0,"parent":0,"menu_order":0,"comment_status":"closed","ping_status":"closed","template":"","meta":{"_monsterinsights_skip_tracking":false,"_monsterinsights_sitenote_active":false,"_monsterinsights_sitenote_note":"","_monsterinsights_sitenote_category":0,"footnotes":""},"class_list":["post-9284","page","type-page","status-publish","hentry"],"yoast_head":"<!-- This site is optimized with the Yoast SEO plugin v26.8 - https:\/\/yoast.com\/product\/yoast-seo-wordpress\/ -->\r\n<title>Canal de denuncias antifraude - Ayuntamiento de Cirauqui<\/title>\r\n<meta name=\"robots\" content=\"index, follow, max-snippet:-1, max-image-preview:large, max-video-preview:-1\" \/>\r\n<link rel=\"canonical\" href=\"http:\/\/www.zirauki.eus\/es\/iruzurraren-aurkako-salaketen-kanalak\/\" \/>\r\n<meta property=\"og:locale\" content=\"es_ES\" \/>\r\n<meta property=\"og:type\" content=\"article\" \/>\r\n<meta property=\"og:title\" content=\"Canal de denuncias antifraude - Ayuntamiento de Cirauqui\" \/>\r\n<meta property=\"og:description\" content=\"A trav\u00e9s del\u00a0canal de denuncias antifraude\u00a0cualquier persona puede presentar una denuncia cuando en un contexto laboral o profesional detecte acciones u omisiones que puedan constituir infracciones del derecho de la Uni\u00f3n Europea o bien que sean constitutivas de infracci\u00f3n penal&hellip;\" \/>\r\n<meta property=\"og:url\" content=\"http:\/\/www.zirauki.eus\/es\/iruzurraren-aurkako-salaketen-kanalak\/\" \/>\r\n<meta property=\"og:site_name\" content=\"Ayuntamiento de Cirauqui\" \/>\r\n<meta property=\"article:modified_time\" content=\"2026-01-16T14:25:03+00:00\" \/>\r\n<meta name=\"twitter:card\" content=\"summary_large_image\" \/>\r\n<meta name=\"twitter:label1\" content=\"Tiempo de lectura\" \/>\n\t<meta name=\"twitter:data1\" content=\"7 minutos\" \/>\r\n<script type=\"application\/ld+json\" class=\"yoast-schema-graph\">{\"@context\":\"https:\/\/schema.org\",\"@graph\":[{\"@type\":\"WebPage\",\"@id\":\"http:\/\/www.zirauki.eus\/es\/iruzurraren-aurkako-salaketen-kanalak\/\",\"url\":\"http:\/\/www.zirauki.eus\/es\/iruzurraren-aurkako-salaketen-kanalak\/\",\"name\":\"Canal de denuncias antifraude - Ayuntamiento de Cirauqui\",\"isPartOf\":{\"@id\":\"http:\/\/www.zirauki.eus\/es\/#website\"},\"datePublished\":\"2026-01-16T14:13:30+00:00\",\"dateModified\":\"2026-01-16T14:25:03+00:00\",\"breadcrumb\":{\"@id\":\"http:\/\/www.zirauki.eus\/es\/iruzurraren-aurkako-salaketen-kanalak\/#breadcrumb\"},\"inLanguage\":\"es\",\"potentialAction\":[{\"@type\":\"ReadAction\",\"target\":[[\"http:\/\/www.zirauki.eus\/es\/iruzurraren-aurkako-salaketen-kanalak\/\"]]}]},{\"@type\":\"BreadcrumbList\",\"@id\":\"http:\/\/www.zirauki.eus\/es\/iruzurraren-aurkako-salaketen-kanalak\/#breadcrumb\",\"itemListElement\":[{\"@type\":\"ListItem\",\"position\":1,\"name\":\"Portada\",\"item\":\"http:\/\/www.zirauki.eus\/es\/\"},{\"@type\":\"ListItem\",\"position\":2,\"name\":\"Iruzurraren aurkako salaketen kanalak\"}]},{\"@type\":\"WebSite\",\"@id\":\"http:\/\/www.zirauki.eus\/es\/#website\",\"url\":\"http:\/\/www.zirauki.eus\/es\/\",\"name\":\"Ayuntamiento de Cirauqui\",\"description\":\"Ayuntamiento de Cirauqui\",\"potentialAction\":[{\"@type\":\"SearchAction\",\"target\":{\"@type\":\"EntryPoint\",\"urlTemplate\":\"http:\/\/www.zirauki.eus\/es\/?s={search_term_string}\"},\"query-input\":{\"@type\":\"PropertyValueSpecification\",\"valueRequired\":true,\"valueName\":\"search_term_string\"}}],\"inLanguage\":\"es\"}]}<\/script>\r\n<!-- \/ Yoast SEO plugin. -->","yoast_head_json":{"title":"Canal de denuncias antifraude - Ayuntamiento de Cirauqui","robots":{"index":"index","follow":"follow","max-snippet":"max-snippet:-1","max-image-preview":"max-image-preview:large","max-video-preview":"max-video-preview:-1"},"canonical":"http:\/\/www.zirauki.eus\/es\/iruzurraren-aurkako-salaketen-kanalak\/","og_locale":"es_ES","og_type":"article","og_title":"Canal de denuncias antifraude - Ayuntamiento de Cirauqui","og_description":"A trav\u00e9s del\u00a0canal de denuncias antifraude\u00a0cualquier persona puede presentar una denuncia cuando en un contexto laboral o profesional detecte acciones u omisiones que puedan constituir infracciones del derecho de la Uni\u00f3n Europea o bien que sean constitutivas de infracci\u00f3n penal&hellip;","og_url":"http:\/\/www.zirauki.eus\/es\/iruzurraren-aurkako-salaketen-kanalak\/","og_site_name":"Ayuntamiento de Cirauqui","article_modified_time":"2026-01-16T14:25:03+00:00","twitter_card":"summary_large_image","twitter_misc":{"Tiempo de lectura":"7 minutos"},"schema":{"@context":"https:\/\/schema.org","@graph":[{"@type":"WebPage","@id":"http:\/\/www.zirauki.eus\/es\/iruzurraren-aurkako-salaketen-kanalak\/","url":"http:\/\/www.zirauki.eus\/es\/iruzurraren-aurkako-salaketen-kanalak\/","name":"Canal de denuncias antifraude - Ayuntamiento de Cirauqui","isPartOf":{"@id":"http:\/\/www.zirauki.eus\/es\/#website"},"datePublished":"2026-01-16T14:13:30+00:00","dateModified":"2026-01-16T14:25:03+00:00","breadcrumb":{"@id":"http:\/\/www.zirauki.eus\/es\/iruzurraren-aurkako-salaketen-kanalak\/#breadcrumb"},"inLanguage":"es","potentialAction":[{"@type":"ReadAction","target":[["http:\/\/www.zirauki.eus\/es\/iruzurraren-aurkako-salaketen-kanalak\/"]]}]},{"@type":"BreadcrumbList","@id":"http:\/\/www.zirauki.eus\/es\/iruzurraren-aurkako-salaketen-kanalak\/#breadcrumb","itemListElement":[{"@type":"ListItem","position":1,"name":"Portada","item":"http:\/\/www.zirauki.eus\/es\/"},{"@type":"ListItem","position":2,"name":"Iruzurraren aurkako salaketen kanalak"}]},{"@type":"WebSite","@id":"http:\/\/www.zirauki.eus\/es\/#website","url":"http:\/\/www.zirauki.eus\/es\/","name":"Ayuntamiento de Cirauqui","description":"Ayuntamiento de Cirauqui","potentialAction":[{"@type":"SearchAction","target":{"@type":"EntryPoint","urlTemplate":"http:\/\/www.zirauki.eus\/es\/?s={search_term_string}"},"query-input":{"@type":"PropertyValueSpecification","valueRequired":true,"valueName":"search_term_string"}}],"inLanguage":"es"}]}},"_links":{"self":[{"href":"http:\/\/www.zirauki.eus\/es\/wp-json\/wp\/v2\/pages\/9284","targetHints":{"allow":["GET"]}}],"collection":[{"href":"http:\/\/www.zirauki.eus\/es\/wp-json\/wp\/v2\/pages"}],"about":[{"href":"http:\/\/www.zirauki.eus\/es\/wp-json\/wp\/v2\/types\/page"}],"author":[{"embeddable":true,"href":"http:\/\/www.zirauki.eus\/es\/wp-json\/wp\/v2\/users\/1"}],"replies":[{"embeddable":true,"href":"http:\/\/www.zirauki.eus\/es\/wp-json\/wp\/v2\/comments?post=9284"}],"version-history":[{"count":2,"href":"http:\/\/www.zirauki.eus\/es\/wp-json\/wp\/v2\/pages\/9284\/revisions"}],"predecessor-version":[{"id":9288,"href":"http:\/\/www.zirauki.eus\/es\/wp-json\/wp\/v2\/pages\/9284\/revisions\/9288"}],"wp:attachment":[{"href":"http:\/\/www.zirauki.eus\/es\/wp-json\/wp\/v2\/media?parent=9284"}],"curies":[{"name":"wp","href":"https:\/\/api.w.org\/{rel}","templated":true}]}}